{"id":3468,"date":"2022-09-08T08:18:36","date_gmt":"2022-09-08T06:18:36","guid":{"rendered":"https:\/\/mjuka.com\/kontakt\/"},"modified":"2024-04-10T09:14:32","modified_gmt":"2024-04-10T07:14:32","slug":"kontakt","status":"publish","type":"page","link":"https:\/\/www.mjuka.com\/de\/kontakt\/","title":{"rendered":"Kontakt"},"content":{"rendered":"\t\t<div data-elementor-type=\"wp-page\" data-elementor-id=\"3468\" class=\"elementor elementor-3468 elementor-1610\" data-elementor-post-type=\"page\">\n\t\t\t\t\t\t<section class=\"elementor-section elementor-top-section elementor-element elementor-element-5baa4a35 elementor-section-content-middle elementor-section-boxed elementor-section-height-default elementor-section-height-default\" data-id=\"5baa4a35\" data-element_type=\"section\" data-e-type=\"section\">\n\t\t\t\t\t\t<div class=\"elementor-container elementor-column-gap-no\">\n\t\t\t\t\t<div class=\"elementor-column elementor-col-100 elementor-top-column elementor-element elementor-element-2c1d9663\" data-id=\"2c1d9663\" data-element_type=\"column\" data-e-type=\"column\">\n\t\t\t<div class=\"elementor-widget-wrap elementor-element-populated\">\n\t\t\t\t\t\t<div class=\"elementor-element elementor-element-d95cc1b elementor-widget elementor-widget-text-editor\" data-id=\"d95cc1b\" data-element_type=\"widget\" data-e-type=\"widget\" data-widget_type=\"text-editor.default\">\n\t\t\t\t<div class=\"elementor-widget-container\">\n\t\t\t\t\t\t\t\t\t<p>Wir von Mjuka legen gro\u00dfen Wert darauf, dass Sie mit Ihrem Stillkissen oder Schwangerschaftskissen und mit unserem Service zufrieden sind. Unser Team ist immer f\u00fcr Sie da. Hast du eine Frage? Unser Kundenservice steht f\u00fcr Sie bereit. Sie k\u00f6nnen auch eine E-Mail an info@mjuka.com senden<\/p>\n\t\t\t\t\t\t\t\t<\/div>\n\t\t\t\t<\/div>\n\t\t\t\t<section class=\"elementor-section elementor-inner-section elementor-element elementor-element-1ff4c60e elementor-section-content-top elementor-section-boxed elementor-section-height-default elementor-section-height-default\" data-id=\"1ff4c60e\" data-element_type=\"section\" data-e-type=\"section\">\n\t\t\t\t\t\t<div class=\"elementor-container elementor-column-gap-no\">\n\t\t\t\t\t<div class=\"elementor-column elementor-col-50 elementor-inner-column elementor-element elementor-element-a7a4912\" data-id=\"a7a4912\" data-element_type=\"column\" data-e-type=\"column\">\n\t\t\t<div class=\"elementor-widget-wrap elementor-element-populated\">\n\t\t\t\t\t\t<div class=\"elementor-element elementor-element-c9de02f elementor-widget elementor-widget-text-editor\" data-id=\"c9de02f\" data-element_type=\"widget\" data-e-type=\"widget\" data-widget_type=\"text-editor.default\">\n\t\t\t\t<div class=\"elementor-widget-container\">\n\t\t\t\t\t\t\t\t\t<h4>Adresse<\/h4><p>Driemanssteeweg 670A<br \/>3084CB Rotterdam<\/p><h4>Telefon<\/h4><p>0180-234096<\/p><h4>Email<\/h4><p>info@mjuka.com<\/p><h4>\u00a0<\/h4>\t\t\t\t\t\t\t\t<\/div>\n\t\t\t\t<\/div>\n\t\t\t\t\t<\/div>\n\t\t<\/div>\n\t\t\t\t<div class=\"elementor-column elementor-col-50 elementor-inner-column elementor-element elementor-element-fe738e8\" data-id=\"fe738e8\" data-element_type=\"column\" data-e-type=\"column\">\n\t\t\t<div class=\"elementor-widget-wrap elementor-element-populated\">\n\t\t\t\t\t\t<div class=\"elementor-element elementor-element-0be03bf elementor-widget elementor-widget-text-editor\" data-id=\"0be03bf\" data-element_type=\"widget\" data-e-type=\"widget\" data-widget_type=\"text-editor.default\">\n\t\t\t\t<div class=\"elementor-widget-container\">\n\t\t\t\t\t\t\t\t\t<h4><span style=\"color: var(--ast-global-color-2); font-size: 1.5rem; font-style: inherit; background-color: var(--ast-global-color-5);\">Umsatzsteuer-Identifikationsnummer<\/span><\/h4>\n<p style=\"font-size: 16px; font-style: normal; font-weight: 400;\">BTW NL865212454B01<\/p>\n<h4>Handelskammer nummer<\/h4>\n<p>87792974<\/p>\t\t\t\t\t\t\t\t<\/div>\n\t\t\t\t<\/div>\n\t\t\t\t\t<\/div>\n\t\t<\/div>\n\t\t\t\t\t<\/div>\n\t\t<\/section>\n\t\t\t\t\t<\/div>\n\t\t<\/div>\n\t\t\t\t\t<\/div>\n\t\t<\/section>\n\t\t\t\t<\/div>\n\t\t","protected":false},"excerpt":{"rendered":"<p>Wir von Mjuka legen gro\u00dfen Wert darauf, dass Sie mit Ihrem Stillkissen oder Schwangerschaftskissen und mit unserem Service zufrieden sind. Unser Team ist immer f\u00fcr Sie da. Hast du eine Frage? Unser Kundenservice steht f\u00fcr Sie bereit. Sie k\u00f6nnen auch eine E-Mail an info@mjuka.com senden Adresse Driemanssteeweg 670A3084CB Rotterdam Telefon 0180-234096 Email info@mjuka.com \u00a0 Umsatzsteuer-Identifikationsnummer [&hellip;]<\/p>\n","protected":false},"author":1,"featured_media":0,"parent":0,"menu_order":0,"comment_status":"closed","ping_status":"closed","template":"elementor_theme","meta":{"site-sidebar-layout":"default","site-content-layout":"","ast-site-content-layout":"default","site-content-style":"default","site-sidebar-style":"default","ast-global-header-display":"","ast-banner-title-visibility":"","ast-main-header-display":"","ast-hfb-above-header-display":"","ast-hfb-below-header-display":"","ast-hfb-mobile-header-display":"","site-post-title":"","ast-breadcrumbs-content":"","ast-featured-img":"","footer-sml-layout":"","ast-disable-related-posts":"","theme-transparent-header-meta":"","adv-header-id-meta":"","stick-header-meta":"","header-above-stick-meta":"","header-main-stick-meta":"","header-below-stick-meta":"","astra-migrate-meta-layouts":"default","ast-page-background-enabled":"default","ast-page-background-meta":{"desktop":{"background-color":"var(--ast-global-color-4)","background-image":"","background-repeat":"repeat","background-position":"center center","background-size":"auto","background-attachment":"scroll","background-type":"","background-media":"","overlay-type":"","overlay-color":"","overlay-opacity":"","overlay-gradient":""},"tablet":{"background-color":"","background-image":"","background-repeat":"repeat","background-position":"center center","background-size":"auto","background-attachment":"scroll","background-type":"","background-media":"","overlay-type":"","overlay-color":"","overlay-opacity":"","overlay-gradient":""},"mobile":{"background-color":"","background-image":"","background-repeat":"repeat","background-position":"center center","background-size":"auto","background-attachment":"scroll","background-type":"","background-media":"","overlay-type":"","overlay-color":"","overlay-opacity":"","overlay-gradient":""}},"ast-content-background-meta":{"desktop":{"background-color":"var(--ast-global-color-5)","background-image":"","background-repeat":"repeat","background-position":"center center","background-size":"auto","background-attachment":"scroll","background-type":"","background-media":"","overlay-type":"","overlay-color":"","overlay-opacity":"","overlay-gradient":""},"tablet":{"background-color":"var(--ast-global-color-5)","background-image":"","background-repeat":"repeat","background-position":"center center","background-size":"auto","background-attachment":"scroll","background-type":"","background-media":"","overlay-type":"","overlay-color":"","overlay-opacity":"","overlay-gradient":""},"mobile":{"background-color":"var(--ast-global-color-5)","background-image":"","background-repeat":"repeat","background-position":"center center","background-size":"auto","background-attachment":"scroll","background-type":"","background-media":"","overlay-type":"","overlay-color":"","overlay-opacity":"","overlay-gradient":""}},"footnotes":""},"class_list":["post-3468","page","type-page","status-publish","hentry"],"yoast_head":"<!-- This site is optimized with the Yoast SEO plugin v25.6 - https:\/\/yoast.com\/wordpress\/plugins\/seo\/ -->\n<title>Kontakt | Mjuka<\/title>\n<meta name=\"robots\" content=\"index, follow, max-snippet:-1, max-image-preview:large, max-video-preview:-1\" \/>\n<link rel=\"canonical\" href=\"https:\/\/www.mjuka.com\/de\/kontakt\/\" \/>\n<meta property=\"og:locale\" content=\"de_DE\" \/>\n<meta property=\"og:type\" content=\"article\" \/>\n<meta property=\"og:title\" content=\"Kontakt | Mjuka\" \/>\n<meta property=\"og:description\" content=\"Wir von Mjuka legen gro\u00dfen Wert darauf, dass Sie mit Ihrem Stillkissen oder Schwangerschaftskissen und mit unserem Service zufrieden sind. Unser Team ist immer f\u00fcr Sie da. Hast du eine Frage? Unser Kundenservice steht f\u00fcr Sie bereit. Sie k\u00f6nnen auch eine E-Mail an info@mjuka.com senden Adresse Driemanssteeweg 670A3084CB Rotterdam Telefon 0180-234096 Email info@mjuka.com \u00a0 Umsatzsteuer-Identifikationsnummer [&hellip;]\" \/>\n<meta property=\"og:url\" content=\"https:\/\/www.mjuka.com\/de\/kontakt\/\" \/>\n<meta property=\"og:site_name\" content=\"Mjuka\" \/>\n<meta property=\"article:publisher\" content=\"https:\/\/www.facebook.com\/OnMjuka\" \/>\n<meta property=\"article:modified_time\" content=\"2024-04-10T07:14:32+00:00\" \/>\n<meta name=\"twitter:card\" content=\"summary_large_image\" \/>\n<meta name=\"twitter:label1\" content=\"Gesch\u00e4tzte Lesezeit\" \/>\n\t<meta name=\"twitter:data1\" content=\"1\u00a0Minute\" \/>\n<script type=\"application\/ld+json\" class=\"yoast-schema-graph\">{\"@context\":\"https:\/\/schema.org\",\"@graph\":[{\"@type\":\"WebPage\",\"@id\":\"https:\/\/www.mjuka.com\/de\/kontakt\/\",\"url\":\"https:\/\/www.mjuka.com\/de\/kontakt\/\",\"name\":\"Kontakt | Mjuka\",\"isPartOf\":{\"@id\":\"https:\/\/www.mjuka.com\/de\/#website\"},\"datePublished\":\"2022-09-08T06:18:36+00:00\",\"dateModified\":\"2024-04-10T07:14:32+00:00\",\"breadcrumb\":{\"@id\":\"https:\/\/www.mjuka.com\/de\/kontakt\/#breadcrumb\"},\"inLanguage\":\"de\",\"potentialAction\":[{\"@type\":\"ReadAction\",\"target\":[\"https:\/\/www.mjuka.com\/de\/kontakt\/\"]}]},{\"@type\":\"BreadcrumbList\",\"@id\":\"https:\/\/www.mjuka.com\/de\/kontakt\/#breadcrumb\",\"itemListElement\":[{\"@type\":\"ListItem\",\"position\":1,\"name\":\"Home\",\"item\":\"https:\/\/www.mjuka.com\/de\/\"},{\"@type\":\"ListItem\",\"position\":2,\"name\":\"Kontakt\"}]},{\"@type\":\"WebSite\",\"@id\":\"https:\/\/www.mjuka.com\/de\/#website\",\"url\":\"https:\/\/www.mjuka.com\/de\/\",\"name\":\"Mjuka\",\"description\":\"Pure kwaliteit van vulling tot hoes\",\"publisher\":{\"@id\":\"https:\/\/www.mjuka.com\/de\/#organization\"},\"potentialAction\":[{\"@type\":\"SearchAction\",\"target\":{\"@type\":\"EntryPoint\",\"urlTemplate\":\"https:\/\/www.mjuka.com\/de\/?s={search_term_string}\"},\"query-input\":{\"@type\":\"PropertyValueSpecification\",\"valueRequired\":true,\"valueName\":\"search_term_string\"}}],\"inLanguage\":\"de\"},{\"@type\":\"Organization\",\"@id\":\"https:\/\/www.mjuka.com\/de\/#organization\",\"name\":\"Mjuka\",\"url\":\"https:\/\/www.mjuka.com\/de\/\",\"logo\":{\"@type\":\"ImageObject\",\"inLanguage\":\"de\",\"@id\":\"https:\/\/www.mjuka.com\/de\/#\/schema\/logo\/image\/\",\"url\":\"https:\/\/www.mjuka.com\/wp-content\/uploads\/2022\/09\/Logo_Mjuka.png\",\"contentUrl\":\"https:\/\/www.mjuka.com\/wp-content\/uploads\/2022\/09\/Logo_Mjuka.png\",\"width\":2010,\"height\":687,\"caption\":\"Mjuka\"},\"image\":{\"@id\":\"https:\/\/www.mjuka.com\/de\/#\/schema\/logo\/image\/\"},\"sameAs\":[\"https:\/\/www.facebook.com\/OnMjuka\"]}]}<\/script>\n<!-- \/ Yoast SEO plugin. -->","yoast_head_json":{"title":"Kontakt | Mjuka","robots":{"index":"index","follow":"follow","max-snippet":"max-snippet:-1","max-image-preview":"max-image-preview:large","max-video-preview":"max-video-preview:-1"},"canonical":"https:\/\/www.mjuka.com\/de\/kontakt\/","og_locale":"de_DE","og_type":"article","og_title":"Kontakt | Mjuka","og_description":"Wir von Mjuka legen gro\u00dfen Wert darauf, dass Sie mit Ihrem Stillkissen oder Schwangerschaftskissen und mit unserem Service zufrieden sind. Unser Team ist immer f\u00fcr Sie da. Hast du eine Frage? Unser Kundenservice steht f\u00fcr Sie bereit. Sie k\u00f6nnen auch eine E-Mail an info@mjuka.com senden Adresse Driemanssteeweg 670A3084CB Rotterdam Telefon 0180-234096 Email info@mjuka.com \u00a0 Umsatzsteuer-Identifikationsnummer [&hellip;]","og_url":"https:\/\/www.mjuka.com\/de\/kontakt\/","og_site_name":"Mjuka","article_publisher":"https:\/\/www.facebook.com\/OnMjuka","article_modified_time":"2024-04-10T07:14:32+00:00","twitter_card":"summary_large_image","twitter_misc":{"Gesch\u00e4tzte Lesezeit":"1\u00a0Minute"},"schema":{"@context":"https:\/\/schema.org","@graph":[{"@type":"WebPage","@id":"https:\/\/www.mjuka.com\/de\/kontakt\/","url":"https:\/\/www.mjuka.com\/de\/kontakt\/","name":"Kontakt | Mjuka","isPartOf":{"@id":"https:\/\/www.mjuka.com\/de\/#website"},"datePublished":"2022-09-08T06:18:36+00:00","dateModified":"2024-04-10T07:14:32+00:00","breadcrumb":{"@id":"https:\/\/www.mjuka.com\/de\/kontakt\/#breadcrumb"},"inLanguage":"de","potentialAction":[{"@type":"ReadAction","target":["https:\/\/www.mjuka.com\/de\/kontakt\/"]}]},{"@type":"BreadcrumbList","@id":"https:\/\/www.mjuka.com\/de\/kontakt\/#breadcrumb","itemListElement":[{"@type":"ListItem","position":1,"name":"Home","item":"https:\/\/www.mjuka.com\/de\/"},{"@type":"ListItem","position":2,"name":"Kontakt"}]},{"@type":"WebSite","@id":"https:\/\/www.mjuka.com\/de\/#website","url":"https:\/\/www.mjuka.com\/de\/","name":"Mjuka","description":"Pure kwaliteit van vulling tot hoes","publisher":{"@id":"https:\/\/www.mjuka.com\/de\/#organization"},"potentialAction":[{"@type":"SearchAction","target":{"@type":"EntryPoint","urlTemplate":"https:\/\/www.mjuka.com\/de\/?s={search_term_string}"},"query-input":{"@type":"PropertyValueSpecification","valueRequired":true,"valueName":"search_term_string"}}],"inLanguage":"de"},{"@type":"Organization","@id":"https:\/\/www.mjuka.com\/de\/#organization","name":"Mjuka","url":"https:\/\/www.mjuka.com\/de\/","logo":{"@type":"ImageObject","inLanguage":"de","@id":"https:\/\/www.mjuka.com\/de\/#\/schema\/logo\/image\/","url":"https:\/\/www.mjuka.com\/wp-content\/uploads\/2022\/09\/Logo_Mjuka.png","contentUrl":"https:\/\/www.mjuka.com\/wp-content\/uploads\/2022\/09\/Logo_Mjuka.png","width":2010,"height":687,"caption":"Mjuka"},"image":{"@id":"https:\/\/www.mjuka.com\/de\/#\/schema\/logo\/image\/"},"sameAs":["https:\/\/www.facebook.com\/OnMjuka"]}]}},"_links":{"self":[{"href":"https:\/\/www.mjuka.com\/de\/wp-json\/wp\/v2\/pages\/3468"}],"collection":[{"href":"https:\/\/www.mjuka.com\/de\/wp-json\/wp\/v2\/pages"}],"about":[{"href":"https:\/\/www.mjuka.com\/de\/wp-json\/wp\/v2\/types\/page"}],"author":[{"embeddable":true,"href":"https:\/\/www.mjuka.com\/de\/wp-json\/wp\/v2\/users\/1"}],"replies":[{"embeddable":true,"href":"https:\/\/www.mjuka.com\/de\/wp-json\/wp\/v2\/comments?post=3468"}],"version-history":[{"count":3,"href":"https:\/\/www.mjuka.com\/de\/wp-json\/wp\/v2\/pages\/3468\/revisions"}],"predecessor-version":[{"id":4286,"href":"https:\/\/www.mjuka.com\/de\/wp-json\/wp\/v2\/pages\/3468\/revisions\/4286"}],"wp:attachment":[{"href":"https:\/\/www.mjuka.com\/de\/wp-json\/wp\/v2\/media?parent=3468"}],"curies":[{"name":"wp","href":"https:\/\/api.w.org\/{rel}","templated":true}]}}