{"id":3470,"date":"2022-09-12T13:38:02","date_gmt":"2022-09-12T11:38:02","guid":{"rendered":"https:\/\/mjuka.com\/cookies\/"},"modified":"2022-11-28T11:11:34","modified_gmt":"2022-11-28T09:11:34","slug":"cookies","status":"publish","type":"page","link":"https:\/\/www.mjuka.com\/de\/cookies\/","title":{"rendered":"Cookies"},"content":{"rendered":"<h2 class=\"wp-block-heading\">Google Analytics<\/h2><p>\u00dcber unsere Website werden Cookies vom amerikanischen Unternehmen Google im Rahmen des Dienstes \u201eAnalytics\u201c platziert. Wir verwenden diesen Dienst, um zu verfolgen und Berichte dar\u00fcber zu erhalten, wie Besucher die Website nutzen. Dieser Auftragsverarbeiter kann aufgrund geltender Gesetze und Vorschriften verpflichtet sein, Zugang zu diesen Daten zu gew\u00e4hren. Wir sammeln Informationen \u00fcber Ihr Surfverhalten und teilen diese Daten mit Google. Google kann diese Informationen in Verbindung mit anderen Datens\u00e4tzen interpretieren und so Ihre Bewegungen im Internet verfolgen. Google verwendet diese Informationen, um unter anderem gezielte Werbung (Adwords) und andere Google-Dienste und -Produkte anzubieten.<\/p><h2 class=\"wp-block-heading\">Cookies von Drittanbietern<\/h2><p>F\u00fcr den Fall, dass Softwarel\u00f6sungen von Drittanbietern Cookies verwenden, wird dies in dieser Datenschutzerkl\u00e4rung angegeben.<\/p><h2 class=\"wp-block-heading\">\u00c4nderungen der Datenschutzrichtlinie<\/h2><p>Wir behalten uns das Recht vor, unsere Datenschutzerkl\u00e4rung jederzeit zu \u00e4ndern. Auf dieser Seite finden Sie jedoch immer die aktuellste Version. Wenn die neue Datenschutzerkl\u00e4rung Auswirkungen auf die Art und Weise hat, wie wir bereits erhobene Daten \u00fcber Sie verarbeiten, werden wir Sie per E-Mail informieren. <\/p><p>Wenn Sie Fragen haben, <a href=\"https:\/\/mjuka.com\/de\/kontakt\/\">kontaktieren<\/a> Sie uns bitte<\/p>","protected":false},"excerpt":{"rendered":"<p>Google Analytics \u00dcber unsere Website werden Cookies vom amerikanischen Unternehmen Google im Rahmen des Dienstes \u201eAnalytics\u201c platziert. Wir verwenden diesen Dienst, um zu verfolgen und Berichte dar\u00fcber zu erhalten, wie Besucher die Website nutzen. Dieser Auftragsverarbeiter kann aufgrund geltender Gesetze und Vorschriften verpflichtet sein, Zugang zu diesen Daten zu gew\u00e4hren. Wir sammeln Informationen \u00fcber Ihr [&hellip;]<\/p>\n","protected":false},"author":1,"featured_media":0,"parent":0,"menu_order":0,"comment_status":"closed","ping_status":"closed","template":"","meta":{"site-sidebar-layout":"default","site-content-layout":"","ast-site-content-layout":"default","site-content-style":"default","site-sidebar-style":"default","ast-global-header-display":"","ast-banner-title-visibility":"","ast-main-header-display":"","ast-hfb-above-header-display":"","ast-hfb-below-header-display":"","ast-hfb-mobile-header-display":"","site-post-title":"","ast-breadcrumbs-content":"","ast-featured-img":"","footer-sml-layout":"","ast-disable-related-posts":"","theme-transparent-header-meta":"","adv-header-id-meta":"","stick-header-meta":"","header-above-stick-meta":"","header-main-stick-meta":"","header-below-stick-meta":"","astra-migrate-meta-layouts":"default","ast-page-background-enabled":"default","ast-page-background-meta":{"desktop":{"background-color":"var(--ast-global-color-4)","background-image":"","background-repeat":"repeat","background-position":"center center","background-size":"auto","background-attachment":"scroll","background-type":"","background-media":"","overlay-type":"","overlay-color":"","overlay-opacity":"","overlay-gradient":""},"tablet":{"background-color":"","background-image":"","background-repeat":"repeat","background-position":"center center","background-size":"auto","background-attachment":"scroll","background-type":"","background-media":"","overlay-type":"","overlay-color":"","overlay-opacity":"","overlay-gradient":""},"mobile":{"background-color":"","background-image":"","background-repeat":"repeat","background-position":"center center","background-size":"auto","background-attachment":"scroll","background-type":"","background-media":"","overlay-type":"","overlay-color":"","overlay-opacity":"","overlay-gradient":""}},"ast-content-background-meta":{"desktop":{"background-color":"var(--ast-global-color-5)","background-image":"","background-repeat":"repeat","background-position":"center center","background-size":"auto","background-attachment":"scroll","background-type":"","background-media":"","overlay-type":"","overlay-color":"","overlay-opacity":"","overlay-gradient":""},"tablet":{"background-color":"var(--ast-global-color-5)","background-image":"","background-repeat":"repeat","background-position":"center center","background-size":"auto","background-attachment":"scroll","background-type":"","background-media":"","overlay-type":"","overlay-color":"","overlay-opacity":"","overlay-gradient":""},"mobile":{"background-color":"var(--ast-global-color-5)","background-image":"","background-repeat":"repeat","background-position":"center center","background-size":"auto","background-attachment":"scroll","background-type":"","background-media":"","overlay-type":"","overlay-color":"","overlay-opacity":"","overlay-gradient":""}},"footnotes":""},"class_list":["post-3470","page","type-page","status-publish","hentry"],"yoast_head":"<!-- This site is optimized with the Yoast SEO plugin v25.6 - https:\/\/yoast.com\/wordpress\/plugins\/seo\/ -->\n<title>Cookies | Mjuka<\/title>\n<meta name=\"robots\" content=\"index, follow, max-snippet:-1, max-image-preview:large, max-video-preview:-1\" \/>\n<link rel=\"canonical\" href=\"https:\/\/www.mjuka.com\/de\/cookies\/\" \/>\n<meta property=\"og:locale\" content=\"de_DE\" \/>\n<meta property=\"og:type\" content=\"article\" \/>\n<meta property=\"og:title\" content=\"Cookies | Mjuka\" \/>\n<meta property=\"og:description\" content=\"Google Analytics \u00dcber unsere Website werden Cookies vom amerikanischen Unternehmen Google im Rahmen des Dienstes \u201eAnalytics\u201c platziert. Wir verwenden diesen Dienst, um zu verfolgen und Berichte dar\u00fcber zu erhalten, wie Besucher die Website nutzen. Dieser Auftragsverarbeiter kann aufgrund geltender Gesetze und Vorschriften verpflichtet sein, Zugang zu diesen Daten zu gew\u00e4hren. Wir sammeln Informationen \u00fcber Ihr [&hellip;]\" \/>\n<meta property=\"og:url\" content=\"https:\/\/www.mjuka.com\/de\/cookies\/\" \/>\n<meta property=\"og:site_name\" content=\"Mjuka\" \/>\n<meta property=\"article:publisher\" content=\"https:\/\/www.facebook.com\/OnMjuka\" \/>\n<meta property=\"article:modified_time\" content=\"2022-11-28T09:11:34+00:00\" \/>\n<meta name=\"twitter:card\" content=\"summary_large_image\" \/>\n<meta name=\"twitter:label1\" content=\"Gesch\u00e4tzte Lesezeit\" \/>\n\t<meta name=\"twitter:data1\" content=\"1\u00a0Minute\" \/>\n<script type=\"application\/ld+json\" class=\"yoast-schema-graph\">{\"@context\":\"https:\/\/schema.org\",\"@graph\":[{\"@type\":\"WebPage\",\"@id\":\"https:\/\/www.mjuka.com\/de\/cookies\/\",\"url\":\"https:\/\/www.mjuka.com\/de\/cookies\/\",\"name\":\"Cookies | Mjuka\",\"isPartOf\":{\"@id\":\"https:\/\/www.mjuka.com\/de\/#website\"},\"datePublished\":\"2022-09-12T11:38:02+00:00\",\"dateModified\":\"2022-11-28T09:11:34+00:00\",\"breadcrumb\":{\"@id\":\"https:\/\/www.mjuka.com\/de\/cookies\/#breadcrumb\"},\"inLanguage\":\"de\",\"potentialAction\":[{\"@type\":\"ReadAction\",\"target\":[\"https:\/\/www.mjuka.com\/de\/cookies\/\"]}]},{\"@type\":\"BreadcrumbList\",\"@id\":\"https:\/\/www.mjuka.com\/de\/cookies\/#breadcrumb\",\"itemListElement\":[{\"@type\":\"ListItem\",\"position\":1,\"name\":\"Home\",\"item\":\"https:\/\/www.mjuka.com\/de\/\"},{\"@type\":\"ListItem\",\"position\":2,\"name\":\"Cookies\"}]},{\"@type\":\"WebSite\",\"@id\":\"https:\/\/www.mjuka.com\/de\/#website\",\"url\":\"https:\/\/www.mjuka.com\/de\/\",\"name\":\"Mjuka\",\"description\":\"Pure kwaliteit van vulling tot hoes\",\"publisher\":{\"@id\":\"https:\/\/www.mjuka.com\/de\/#organization\"},\"potentialAction\":[{\"@type\":\"SearchAction\",\"target\":{\"@type\":\"EntryPoint\",\"urlTemplate\":\"https:\/\/www.mjuka.com\/de\/?s={search_term_string}\"},\"query-input\":{\"@type\":\"PropertyValueSpecification\",\"valueRequired\":true,\"valueName\":\"search_term_string\"}}],\"inLanguage\":\"de\"},{\"@type\":\"Organization\",\"@id\":\"https:\/\/www.mjuka.com\/de\/#organization\",\"name\":\"Mjuka\",\"url\":\"https:\/\/www.mjuka.com\/de\/\",\"logo\":{\"@type\":\"ImageObject\",\"inLanguage\":\"de\",\"@id\":\"https:\/\/www.mjuka.com\/de\/#\/schema\/logo\/image\/\",\"url\":\"https:\/\/www.mjuka.com\/wp-content\/uploads\/2022\/09\/Logo_Mjuka.png\",\"contentUrl\":\"https:\/\/www.mjuka.com\/wp-content\/uploads\/2022\/09\/Logo_Mjuka.png\",\"width\":2010,\"height\":687,\"caption\":\"Mjuka\"},\"image\":{\"@id\":\"https:\/\/www.mjuka.com\/de\/#\/schema\/logo\/image\/\"},\"sameAs\":[\"https:\/\/www.facebook.com\/OnMjuka\"]}]}<\/script>\n<!-- \/ Yoast SEO plugin. -->","yoast_head_json":{"title":"Cookies | Mjuka","robots":{"index":"index","follow":"follow","max-snippet":"max-snippet:-1","max-image-preview":"max-image-preview:large","max-video-preview":"max-video-preview:-1"},"canonical":"https:\/\/www.mjuka.com\/de\/cookies\/","og_locale":"de_DE","og_type":"article","og_title":"Cookies | Mjuka","og_description":"Google Analytics \u00dcber unsere Website werden Cookies vom amerikanischen Unternehmen Google im Rahmen des Dienstes \u201eAnalytics\u201c platziert. Wir verwenden diesen Dienst, um zu verfolgen und Berichte dar\u00fcber zu erhalten, wie Besucher die Website nutzen. Dieser Auftragsverarbeiter kann aufgrund geltender Gesetze und Vorschriften verpflichtet sein, Zugang zu diesen Daten zu gew\u00e4hren. Wir sammeln Informationen \u00fcber Ihr [&hellip;]","og_url":"https:\/\/www.mjuka.com\/de\/cookies\/","og_site_name":"Mjuka","article_publisher":"https:\/\/www.facebook.com\/OnMjuka","article_modified_time":"2022-11-28T09:11:34+00:00","twitter_card":"summary_large_image","twitter_misc":{"Gesch\u00e4tzte Lesezeit":"1\u00a0Minute"},"schema":{"@context":"https:\/\/schema.org","@graph":[{"@type":"WebPage","@id":"https:\/\/www.mjuka.com\/de\/cookies\/","url":"https:\/\/www.mjuka.com\/de\/cookies\/","name":"Cookies | Mjuka","isPartOf":{"@id":"https:\/\/www.mjuka.com\/de\/#website"},"datePublished":"2022-09-12T11:38:02+00:00","dateModified":"2022-11-28T09:11:34+00:00","breadcrumb":{"@id":"https:\/\/www.mjuka.com\/de\/cookies\/#breadcrumb"},"inLanguage":"de","potentialAction":[{"@type":"ReadAction","target":["https:\/\/www.mjuka.com\/de\/cookies\/"]}]},{"@type":"BreadcrumbList","@id":"https:\/\/www.mjuka.com\/de\/cookies\/#breadcrumb","itemListElement":[{"@type":"ListItem","position":1,"name":"Home","item":"https:\/\/www.mjuka.com\/de\/"},{"@type":"ListItem","position":2,"name":"Cookies"}]},{"@type":"WebSite","@id":"https:\/\/www.mjuka.com\/de\/#website","url":"https:\/\/www.mjuka.com\/de\/","name":"Mjuka","description":"Pure kwaliteit van vulling tot hoes","publisher":{"@id":"https:\/\/www.mjuka.com\/de\/#organization"},"potentialAction":[{"@type":"SearchAction","target":{"@type":"EntryPoint","urlTemplate":"https:\/\/www.mjuka.com\/de\/?s={search_term_string}"},"query-input":{"@type":"PropertyValueSpecification","valueRequired":true,"valueName":"search_term_string"}}],"inLanguage":"de"},{"@type":"Organization","@id":"https:\/\/www.mjuka.com\/de\/#organization","name":"Mjuka","url":"https:\/\/www.mjuka.com\/de\/","logo":{"@type":"ImageObject","inLanguage":"de","@id":"https:\/\/www.mjuka.com\/de\/#\/schema\/logo\/image\/","url":"https:\/\/www.mjuka.com\/wp-content\/uploads\/2022\/09\/Logo_Mjuka.png","contentUrl":"https:\/\/www.mjuka.com\/wp-content\/uploads\/2022\/09\/Logo_Mjuka.png","width":2010,"height":687,"caption":"Mjuka"},"image":{"@id":"https:\/\/www.mjuka.com\/de\/#\/schema\/logo\/image\/"},"sameAs":["https:\/\/www.facebook.com\/OnMjuka"]}]}},"_links":{"self":[{"href":"https:\/\/www.mjuka.com\/de\/wp-json\/wp\/v2\/pages\/3470"}],"collection":[{"href":"https:\/\/www.mjuka.com\/de\/wp-json\/wp\/v2\/pages"}],"about":[{"href":"https:\/\/www.mjuka.com\/de\/wp-json\/wp\/v2\/types\/page"}],"author":[{"embeddable":true,"href":"https:\/\/www.mjuka.com\/de\/wp-json\/wp\/v2\/users\/1"}],"replies":[{"embeddable":true,"href":"https:\/\/www.mjuka.com\/de\/wp-json\/wp\/v2\/comments?post=3470"}],"version-history":[{"count":0,"href":"https:\/\/www.mjuka.com\/de\/wp-json\/wp\/v2\/pages\/3470\/revisions"}],"wp:attachment":[{"href":"https:\/\/www.mjuka.com\/de\/wp-json\/wp\/v2\/media?parent=3470"}],"curies":[{"name":"wp","href":"https:\/\/api.w.org\/{rel}","templated":true}]}}