{"id":3570,"date":"2022-09-12T13:18:48","date_gmt":"2022-09-12T11:18:48","guid":{"rendered":"https:\/\/mjuka.com\/ruilen-en-retourneren\/"},"modified":"2022-11-28T11:18:24","modified_gmt":"2022-11-28T09:18:24","slug":"ruilen-en-retourneren","status":"publish","type":"page","link":"https:\/\/www.mjuka.com\/de\/ruilen-en-retourneren\/","title":{"rendered":"Umtausch und R\u00fcckgabe"},"content":{"rendered":"<p>BEDENKTIME<\/p><p>Sie haben das Recht, Ihre Bestellung bis zu 14 Tage nach Erhalt ohne Angabe von Gr\u00fcnden zu widerrufen. Nach dem Widerruf haben Sie noch 14 Tage Zeit, Ihr Produkt zur\u00fcckzugeben. Sie erhalten dann eine Gutschrift \u00fcber den vollen Bestellbetrag einschlie\u00dflich Versandkosten. Lediglich die Kosten f\u00fcr die R\u00fccksendung von Ihrem Wohnort zum Online-Shop gehen zu Ihren Lasten. Diese Kosten belaufen sich auf ca. 7,25 pro Paket; die genauen Preise finden Sie auf der Website Ihres Versandunternehmens.  <br\/><br\/>Wenn Sie von Ihrem Widerrufsrecht Gebrauch machen, wird das Produkt mit allem gelieferten Zubeh\u00f6r und &#8211; wenn m\u00f6glich &#8211; in seinem urspr\u00fcnglichen Zustand und in der Originalverpackung an den Unternehmer zur\u00fcckgeschickt. Um von diesem Recht Gebrauch zu machen, kontaktieren Sie uns bitte unter info@voedingskussenwinkel.nl. Wir erstatten dann den f\u00e4lligen Betrag innerhalb von 14 Tagen nach der Benachrichtigung \u00fcber Ihre R\u00fccksendung, sofern das Produkt bereits in einwandfreiem Zustand zur\u00fcckerhalten wurde.<\/p><p><\/p>","protected":false},"excerpt":{"rendered":"<p>BEDENKTIME Sie haben das Recht, Ihre Bestellung bis zu 14 Tage nach Erhalt ohne Angabe von Gr\u00fcnden zu widerrufen. Nach dem Widerruf haben Sie noch 14 Tage Zeit, Ihr Produkt zur\u00fcckzugeben. Sie erhalten dann eine Gutschrift \u00fcber den vollen Bestellbetrag einschlie\u00dflich Versandkosten. Lediglich die Kosten f\u00fcr die R\u00fccksendung von Ihrem Wohnort zum Online-Shop gehen zu [&hellip;]<\/p>\n","protected":false},"author":1,"featured_media":0,"parent":0,"menu_order":0,"comment_status":"closed","ping_status":"closed","template":"","meta":{"site-sidebar-layout":"default","site-content-layout":"","ast-site-content-layout":"default","site-content-style":"default","site-sidebar-style":"default","ast-global-header-display":"","ast-banner-title-visibility":"","ast-main-header-display":"","ast-hfb-above-header-display":"","ast-hfb-below-header-display":"","ast-hfb-mobile-header-display":"","site-post-title":"","ast-breadcrumbs-content":"","ast-featured-img":"","footer-sml-layout":"","ast-disable-related-posts":"","theme-transparent-header-meta":"","adv-header-id-meta":"","stick-header-meta":"","header-above-stick-meta":"","header-main-stick-meta":"","header-below-stick-meta":"","astra-migrate-meta-layouts":"default","ast-page-background-enabled":"default","ast-page-background-meta":{"desktop":{"background-color":"var(--ast-global-color-4)","background-image":"","background-repeat":"repeat","background-position":"center center","background-size":"auto","background-attachment":"scroll","background-type":"","background-media":"","overlay-type":"","overlay-color":"","overlay-opacity":"","overlay-gradient":""},"tablet":{"background-color":"","background-image":"","background-repeat":"repeat","background-position":"center center","background-size":"auto","background-attachment":"scroll","background-type":"","background-media":"","overlay-type":"","overlay-color":"","overlay-opacity":"","overlay-gradient":""},"mobile":{"background-color":"","background-image":"","background-repeat":"repeat","background-position":"center center","background-size":"auto","background-attachment":"scroll","background-type":"","background-media":"","overlay-type":"","overlay-color":"","overlay-opacity":"","overlay-gradient":""}},"ast-content-background-meta":{"desktop":{"background-color":"var(--ast-global-color-5)","background-image":"","background-repeat":"repeat","background-position":"center center","background-size":"auto","background-attachment":"scroll","background-type":"","background-media":"","overlay-type":"","overlay-color":"","overlay-opacity":"","overlay-gradient":""},"tablet":{"background-color":"var(--ast-global-color-5)","background-image":"","background-repeat":"repeat","background-position":"center center","background-size":"auto","background-attachment":"scroll","background-type":"","background-media":"","overlay-type":"","overlay-color":"","overlay-opacity":"","overlay-gradient":""},"mobile":{"background-color":"var(--ast-global-color-5)","background-image":"","background-repeat":"repeat","background-position":"center center","background-size":"auto","background-attachment":"scroll","background-type":"","background-media":"","overlay-type":"","overlay-color":"","overlay-opacity":"","overlay-gradient":""}},"footnotes":""},"class_list":["post-3570","page","type-page","status-publish","hentry"],"yoast_head":"<!-- This site is optimized with the Yoast SEO plugin v25.6 - https:\/\/yoast.com\/wordpress\/plugins\/seo\/ -->\n<title>Umtausch und R\u00fcckgabe | Mjuka<\/title>\n<meta name=\"robots\" content=\"index, follow, max-snippet:-1, max-image-preview:large, max-video-preview:-1\" \/>\n<link rel=\"canonical\" href=\"https:\/\/www.mjuka.com\/de\/ruilen-en-retourneren\/\" \/>\n<meta property=\"og:locale\" content=\"de_DE\" \/>\n<meta property=\"og:type\" content=\"article\" \/>\n<meta property=\"og:title\" content=\"Umtausch und R\u00fcckgabe | Mjuka\" \/>\n<meta property=\"og:description\" content=\"BEDENKTIME Sie haben das Recht, Ihre Bestellung bis zu 14 Tage nach Erhalt ohne Angabe von Gr\u00fcnden zu widerrufen. Nach dem Widerruf haben Sie noch 14 Tage Zeit, Ihr Produkt zur\u00fcckzugeben. Sie erhalten dann eine Gutschrift \u00fcber den vollen Bestellbetrag einschlie\u00dflich Versandkosten. Lediglich die Kosten f\u00fcr die R\u00fccksendung von Ihrem Wohnort zum Online-Shop gehen zu [&hellip;]\" \/>\n<meta property=\"og:url\" content=\"https:\/\/www.mjuka.com\/de\/ruilen-en-retourneren\/\" \/>\n<meta property=\"og:site_name\" content=\"Mjuka\" \/>\n<meta property=\"article:publisher\" content=\"https:\/\/www.facebook.com\/OnMjuka\" \/>\n<meta property=\"article:modified_time\" content=\"2022-11-28T09:18:24+00:00\" \/>\n<meta name=\"twitter:card\" content=\"summary_large_image\" \/>\n<meta name=\"twitter:label1\" content=\"Gesch\u00e4tzte Lesezeit\" \/>\n\t<meta name=\"twitter:data1\" content=\"1\u00a0Minute\" \/>\n<script type=\"application\/ld+json\" class=\"yoast-schema-graph\">{\"@context\":\"https:\/\/schema.org\",\"@graph\":[{\"@type\":\"WebPage\",\"@id\":\"https:\/\/www.mjuka.com\/de\/ruilen-en-retourneren\/\",\"url\":\"https:\/\/www.mjuka.com\/de\/ruilen-en-retourneren\/\",\"name\":\"Umtausch und R\u00fcckgabe | Mjuka\",\"isPartOf\":{\"@id\":\"https:\/\/www.mjuka.com\/de\/#website\"},\"datePublished\":\"2022-09-12T11:18:48+00:00\",\"dateModified\":\"2022-11-28T09:18:24+00:00\",\"breadcrumb\":{\"@id\":\"https:\/\/www.mjuka.com\/de\/ruilen-en-retourneren\/#breadcrumb\"},\"inLanguage\":\"de\",\"potentialAction\":[{\"@type\":\"ReadAction\",\"target\":[\"https:\/\/www.mjuka.com\/de\/ruilen-en-retourneren\/\"]}]},{\"@type\":\"BreadcrumbList\",\"@id\":\"https:\/\/www.mjuka.com\/de\/ruilen-en-retourneren\/#breadcrumb\",\"itemListElement\":[{\"@type\":\"ListItem\",\"position\":1,\"name\":\"Home\",\"item\":\"https:\/\/www.mjuka.com\/de\/\"},{\"@type\":\"ListItem\",\"position\":2,\"name\":\"Umtausch und R\u00fcckgabe\"}]},{\"@type\":\"WebSite\",\"@id\":\"https:\/\/www.mjuka.com\/de\/#website\",\"url\":\"https:\/\/www.mjuka.com\/de\/\",\"name\":\"Mjuka\",\"description\":\"Pure kwaliteit van vulling tot hoes\",\"publisher\":{\"@id\":\"https:\/\/www.mjuka.com\/de\/#organization\"},\"potentialAction\":[{\"@type\":\"SearchAction\",\"target\":{\"@type\":\"EntryPoint\",\"urlTemplate\":\"https:\/\/www.mjuka.com\/de\/?s={search_term_string}\"},\"query-input\":{\"@type\":\"PropertyValueSpecification\",\"valueRequired\":true,\"valueName\":\"search_term_string\"}}],\"inLanguage\":\"de\"},{\"@type\":\"Organization\",\"@id\":\"https:\/\/www.mjuka.com\/de\/#organization\",\"name\":\"Mjuka\",\"url\":\"https:\/\/www.mjuka.com\/de\/\",\"logo\":{\"@type\":\"ImageObject\",\"inLanguage\":\"de\",\"@id\":\"https:\/\/www.mjuka.com\/de\/#\/schema\/logo\/image\/\",\"url\":\"https:\/\/www.mjuka.com\/wp-content\/uploads\/2022\/09\/Logo_Mjuka.png\",\"contentUrl\":\"https:\/\/www.mjuka.com\/wp-content\/uploads\/2022\/09\/Logo_Mjuka.png\",\"width\":2010,\"height\":687,\"caption\":\"Mjuka\"},\"image\":{\"@id\":\"https:\/\/www.mjuka.com\/de\/#\/schema\/logo\/image\/\"},\"sameAs\":[\"https:\/\/www.facebook.com\/OnMjuka\"]}]}<\/script>\n<!-- \/ Yoast SEO plugin. -->","yoast_head_json":{"title":"Umtausch und R\u00fcckgabe | Mjuka","robots":{"index":"index","follow":"follow","max-snippet":"max-snippet:-1","max-image-preview":"max-image-preview:large","max-video-preview":"max-video-preview:-1"},"canonical":"https:\/\/www.mjuka.com\/de\/ruilen-en-retourneren\/","og_locale":"de_DE","og_type":"article","og_title":"Umtausch und R\u00fcckgabe | Mjuka","og_description":"BEDENKTIME Sie haben das Recht, Ihre Bestellung bis zu 14 Tage nach Erhalt ohne Angabe von Gr\u00fcnden zu widerrufen. Nach dem Widerruf haben Sie noch 14 Tage Zeit, Ihr Produkt zur\u00fcckzugeben. Sie erhalten dann eine Gutschrift \u00fcber den vollen Bestellbetrag einschlie\u00dflich Versandkosten. Lediglich die Kosten f\u00fcr die R\u00fccksendung von Ihrem Wohnort zum Online-Shop gehen zu [&hellip;]","og_url":"https:\/\/www.mjuka.com\/de\/ruilen-en-retourneren\/","og_site_name":"Mjuka","article_publisher":"https:\/\/www.facebook.com\/OnMjuka","article_modified_time":"2022-11-28T09:18:24+00:00","twitter_card":"summary_large_image","twitter_misc":{"Gesch\u00e4tzte Lesezeit":"1\u00a0Minute"},"schema":{"@context":"https:\/\/schema.org","@graph":[{"@type":"WebPage","@id":"https:\/\/www.mjuka.com\/de\/ruilen-en-retourneren\/","url":"https:\/\/www.mjuka.com\/de\/ruilen-en-retourneren\/","name":"Umtausch und R\u00fcckgabe | Mjuka","isPartOf":{"@id":"https:\/\/www.mjuka.com\/de\/#website"},"datePublished":"2022-09-12T11:18:48+00:00","dateModified":"2022-11-28T09:18:24+00:00","breadcrumb":{"@id":"https:\/\/www.mjuka.com\/de\/ruilen-en-retourneren\/#breadcrumb"},"inLanguage":"de","potentialAction":[{"@type":"ReadAction","target":["https:\/\/www.mjuka.com\/de\/ruilen-en-retourneren\/"]}]},{"@type":"BreadcrumbList","@id":"https:\/\/www.mjuka.com\/de\/ruilen-en-retourneren\/#breadcrumb","itemListElement":[{"@type":"ListItem","position":1,"name":"Home","item":"https:\/\/www.mjuka.com\/de\/"},{"@type":"ListItem","position":2,"name":"Umtausch und R\u00fcckgabe"}]},{"@type":"WebSite","@id":"https:\/\/www.mjuka.com\/de\/#website","url":"https:\/\/www.mjuka.com\/de\/","name":"Mjuka","description":"Pure kwaliteit van vulling tot hoes","publisher":{"@id":"https:\/\/www.mjuka.com\/de\/#organization"},"potentialAction":[{"@type":"SearchAction","target":{"@type":"EntryPoint","urlTemplate":"https:\/\/www.mjuka.com\/de\/?s={search_term_string}"},"query-input":{"@type":"PropertyValueSpecification","valueRequired":true,"valueName":"search_term_string"}}],"inLanguage":"de"},{"@type":"Organization","@id":"https:\/\/www.mjuka.com\/de\/#organization","name":"Mjuka","url":"https:\/\/www.mjuka.com\/de\/","logo":{"@type":"ImageObject","inLanguage":"de","@id":"https:\/\/www.mjuka.com\/de\/#\/schema\/logo\/image\/","url":"https:\/\/www.mjuka.com\/wp-content\/uploads\/2022\/09\/Logo_Mjuka.png","contentUrl":"https:\/\/www.mjuka.com\/wp-content\/uploads\/2022\/09\/Logo_Mjuka.png","width":2010,"height":687,"caption":"Mjuka"},"image":{"@id":"https:\/\/www.mjuka.com\/de\/#\/schema\/logo\/image\/"},"sameAs":["https:\/\/www.facebook.com\/OnMjuka"]}]}},"_links":{"self":[{"href":"https:\/\/www.mjuka.com\/de\/wp-json\/wp\/v2\/pages\/3570"}],"collection":[{"href":"https:\/\/www.mjuka.com\/de\/wp-json\/wp\/v2\/pages"}],"about":[{"href":"https:\/\/www.mjuka.com\/de\/wp-json\/wp\/v2\/types\/page"}],"author":[{"embeddable":true,"href":"https:\/\/www.mjuka.com\/de\/wp-json\/wp\/v2\/users\/1"}],"replies":[{"embeddable":true,"href":"https:\/\/www.mjuka.com\/de\/wp-json\/wp\/v2\/comments?post=3570"}],"version-history":[{"count":0,"href":"https:\/\/www.mjuka.com\/de\/wp-json\/wp\/v2\/pages\/3570\/revisions"}],"wp:attachment":[{"href":"https:\/\/www.mjuka.com\/de\/wp-json\/wp\/v2\/media?parent=3570"}],"curies":[{"name":"wp","href":"https:\/\/api.w.org\/{rel}","templated":true}]}}