{"id":3637,"date":"2022-10-13T10:06:46","date_gmt":"2022-10-13T08:06:46","guid":{"rendered":"https:\/\/mjuka.com\/p\/mjuka-zwangerschapskussen-microparels-xxl-soft-cotton-yellow\/"},"modified":"2024-08-21T12:33:31","modified_gmt":"2024-08-21T10:33:31","slug":"mjuka-schwangerschaftskissen-mikrowatte-xxl-weich-baumwolle-gelb","status":"publish","type":"product","link":"https:\/\/www.mjuka.com\/de\/p\/mjuka-schwangerschaftskissen-mikrowatte-xxl-weich-baumwolle-gelb\/","title":{"rendered":"Mjuka Mutterschaft Kissen MicroPearls XXL Soft Cotton Gelb"},"content":{"rendered":"<p>Auch in Gr\u00fcn und Hellgrau aus extra weichem Nicky-Veloursstoff erh\u00e4ltlich.<\/p>\n<p>Dieses Schwangerschaftskissen ist ein extragro\u00dfes Modell f\u00fcr hohen Komfort w\u00e4hrend der Schwangerschaft. Er ist 145 cm lang, so dass jede Frau, egal wie gro\u00df sie ist, darin liegen kann, wie auf dem Bild gezeigt. Es ist auch f\u00fcr die Anwendung nach der Schwangerschaft w\u00e4hrend der Stillzeit geeignet.<\/p>\n","protected":false},"excerpt":{"rendered":"<p><strong>Das einzige Schwangerschaftskissen, das mit den ber\u00fchmten Mikroperlen gef\u00fcllt ist!<\/strong><\/p>\n<p>Die kleinen und bequemen Mikroperlen von 0,8 bis 1 mm sind unter den Stillkissen sehr bekannt. Mjuka verwendet sie jetzt auch f\u00fcr Umstandskissen, um die ultimative Anpassungsf\u00e4higkeit und den Komfort zu gew\u00e4hrleisten. Dieses Kissen bietet Komfort vor und nach der Entbindung. Er eignet sich auch hervorragend f\u00fcr Menschen mit R\u00fcckenschmerzen oder anderen Beschwerden, die eine zus\u00e4tzliche Unterst\u00fctzung erfordern. Es handelt sich um ein 100%iges niederl\u00e4ndisches Produkt aus hochwertigen Stoffen.<\/p>\n<p><strong>Qualit\u00e4t:<\/strong> 100% niederl\u00e4ndisches Produkt, \u00d6ko-Tex Standard 100<\/p>\n<p><strong>Au\u00dfenmaterial<\/strong>: 100% wunderbar weiche Stretch-Baumwolle<\/p>\n<p><strong>Material des Innenbezugs:<\/strong> Stretch, f\u00fcr optimalen Komfort<\/p>\n<p><strong>F\u00fcllung<\/strong>: Mikro-Perlen<\/p>\n<p><strong>Verpackung:<\/strong> Luxus-Kissenbeutel<\/p>\n<p><strong>Pflege<\/strong>: Der Bezug kann bei 30 Grad in der Maschine gewaschen werden. Darf nicht in den Trockner.<\/p>\n<p><strong>Gr\u00f6\u00dfe<\/strong>: 290 cm (Beine 145 cm) lang und 80 cm breit<\/p>\n","protected":false},"featured_media":3638,"comment_status":"open","ping_status":"closed","template":"","meta":{"site-sidebar-layout":"default","site-content-layout":"","ast-site-content-layout":"default","site-content-style":"default","site-sidebar-style":"default","ast-global-header-display":"","ast-banner-title-visibility":"","ast-main-header-display":"","ast-hfb-above-header-display":"","ast-hfb-below-header-display":"","ast-hfb-mobile-header-display":"","site-post-title":"","ast-breadcrumbs-content":"","ast-featured-img":"","footer-sml-layout":"","ast-disable-related-posts":"","theme-transparent-header-meta":"","adv-header-id-meta":"","stick-header-meta":"","header-above-stick-meta":"","header-main-stick-meta":"","header-below-stick-meta":"","astra-migrate-meta-layouts":"default","ast-page-background-enabled":"default","ast-page-background-meta":{"desktop":{"background-color":"var(--ast-global-color-4)","background-image":"","background-repeat":"repeat","background-position":"center center","background-size":"auto","background-attachment":"scroll","background-type":"","background-media":"","overlay-type":"","overlay-color":"","overlay-opacity":"","overlay-gradient":""},"tablet":{"background-color":"","background-image":"","background-repeat":"repeat","background-position":"center center","background-size":"auto","background-attachment":"scroll","background-type":"","background-media":"","overlay-type":"","overlay-color":"","overlay-opacity":"","overlay-gradient":""},"mobile":{"background-color":"","background-image":"","background-repeat":"repeat","background-position":"center center","background-size":"auto","background-attachment":"scroll","background-type":"","background-media":"","overlay-type":"","overlay-color":"","overlay-opacity":"","overlay-gradient":""}},"ast-content-background-meta":{"desktop":{"background-color":"var(--ast-global-color-5)","background-image":"","background-repeat":"repeat","background-position":"center center","background-size":"auto","background-attachment":"scroll","background-type":"","background-media":"","overlay-type":"","overlay-color":"","overlay-opacity":"","overlay-gradient":""},"tablet":{"background-color":"var(--ast-global-color-5)","background-image":"","background-repeat":"repeat","background-position":"center center","background-size":"auto","background-attachment":"scroll","background-type":"","background-media":"","overlay-type":"","overlay-color":"","overlay-opacity":"","overlay-gradient":""},"mobile":{"background-color":"var(--ast-global-color-5)","background-image":"","background-repeat":"repeat","background-position":"center center","background-size":"auto","background-attachment":"scroll","background-type":"","background-media":"","overlay-type":"","overlay-color":"","overlay-opacity":"","overlay-gradient":""}}},"product_brand":[],"product_cat":[139],"product_tag":[],"class_list":{"0":"post-3637","1":"product","2":"type-product","3":"status-publish","4":"has-post-thumbnail","6":"product_cat-schwangerschaftskissen","7":"desktop-align-left","8":"tablet-align-left","9":"mobile-align-left","10":"ast-product-gallery-layout-horizontal-slider","11":"ast-magnify-disabled","12":"ast-product-tabs-layout-distributed","14":"first","15":"outofstock","16":"taxable","17":"shipping-taxable","18":"purchasable","19":"product-type-simple"},"yoast_head":"<!-- This site is optimized with the Yoast SEO plugin v25.6 - https:\/\/yoast.com\/wordpress\/plugins\/seo\/ -->\n<title>Mjuka Mutterschaft Kissen MicroPearls XXL Soft Cotton Gelb | Mjuka<\/title>\n<meta name=\"robots\" content=\"index, follow, max-snippet:-1, max-image-preview:large, max-video-preview:-1\" \/>\n<link rel=\"canonical\" href=\"https:\/\/www.mjuka.com\/de\/p\/mjuka-schwangerschaftskissen-mikrowatte-xxl-weich-baumwolle-gelb\/\" \/>\n<meta property=\"og:locale\" content=\"de_DE\" \/>\n<meta property=\"og:type\" content=\"article\" \/>\n<meta property=\"og:title\" content=\"Mjuka Mutterschaft Kissen MicroPearls XXL Soft Cotton Gelb | Mjuka\" \/>\n<meta property=\"og:description\" content=\"Das einzige Schwangerschaftskissen, das mit den ber\u00fchmten Mikroperlen gef\u00fcllt ist!  Die kleinen und bequemen Mikroperlen von 0,8 bis 1 mm sind unter den Stillkissen sehr bekannt. Mjuka verwendet sie jetzt auch f\u00fcr Umstandskissen, um die ultimative Anpassungsf\u00e4higkeit und den Komfort zu gew\u00e4hrleisten. Dieses Kissen bietet Komfort vor und nach der Entbindung. Er eignet sich auch hervorragend f\u00fcr Menschen mit R\u00fcckenschmerzen oder anderen Beschwerden, die eine zus\u00e4tzliche Unterst\u00fctzung erfordern. Es handelt sich um ein 100%iges niederl\u00e4ndisches Produkt aus hochwertigen Stoffen.  Qualit\u00e4t: 100% niederl\u00e4ndisches Produkt, \u00d6ko-Tex Standard 100  Au\u00dfenmaterial: 100% wunderbar weiche Stretch-Baumwolle  Material des Innenbezugs: Stretch, f\u00fcr optimalen Komfort  F\u00fcllung: Mikro-Perlen  Verpackung: Luxus-Kissenbeutel  Pflege: Der Bezug kann bei 30 Grad in der Maschine gewaschen werden. Darf nicht in den Trockner.  Gr\u00f6\u00dfe: 290 cm (Beine 145 cm) lang und 80 cm breit\" \/>\n<meta property=\"og:url\" content=\"https:\/\/www.mjuka.com\/de\/p\/mjuka-schwangerschaftskissen-mikrowatte-xxl-weich-baumwolle-gelb\/\" \/>\n<meta property=\"og:site_name\" content=\"Mjuka\" \/>\n<meta property=\"article:publisher\" content=\"https:\/\/www.facebook.com\/OnMjuka\" \/>\n<meta property=\"article:modified_time\" content=\"2024-08-21T10:33:31+00:00\" \/>\n<meta property=\"og:image\" content=\"https:\/\/www.mjuka.com\/wp-content\/uploads\/2022\/10\/zwangerschapskussen-yellow-microparel.png\" \/>\n\t<meta property=\"og:image:width\" content=\"2000\" \/>\n\t<meta property=\"og:image:height\" content=\"2000\" \/>\n\t<meta property=\"og:image:type\" content=\"image\/png\" \/>\n<meta name=\"twitter:card\" content=\"summary_large_image\" \/>\n<script type=\"application\/ld+json\" class=\"yoast-schema-graph\">{\"@context\":\"https:\/\/schema.org\",\"@graph\":[{\"@type\":\"WebPage\",\"@id\":\"https:\/\/www.mjuka.com\/de\/p\/mjuka-schwangerschaftskissen-mikrowatte-xxl-weich-baumwolle-gelb\/\",\"url\":\"https:\/\/www.mjuka.com\/de\/p\/mjuka-schwangerschaftskissen-mikrowatte-xxl-weich-baumwolle-gelb\/\",\"name\":\"Mjuka Mutterschaft Kissen MicroPearls XXL Soft Cotton Gelb | Mjuka\",\"isPartOf\":{\"@id\":\"https:\/\/www.mjuka.com\/de\/#website\"},\"primaryImageOfPage\":{\"@id\":\"https:\/\/www.mjuka.com\/de\/p\/mjuka-schwangerschaftskissen-mikrowatte-xxl-weich-baumwolle-gelb\/#primaryimage\"},\"image\":{\"@id\":\"https:\/\/www.mjuka.com\/de\/p\/mjuka-schwangerschaftskissen-mikrowatte-xxl-weich-baumwolle-gelb\/#primaryimage\"},\"thumbnailUrl\":\"https:\/\/www.mjuka.com\/wp-content\/uploads\/2022\/10\/zwangerschapskussen-yellow-microparel.png\",\"datePublished\":\"2022-10-13T08:06:46+00:00\",\"dateModified\":\"2024-08-21T10:33:31+00:00\",\"breadcrumb\":{\"@id\":\"https:\/\/www.mjuka.com\/de\/p\/mjuka-schwangerschaftskissen-mikrowatte-xxl-weich-baumwolle-gelb\/#breadcrumb\"},\"inLanguage\":\"de\",\"potentialAction\":[{\"@type\":\"ReadAction\",\"target\":[\"https:\/\/www.mjuka.com\/de\/p\/mjuka-schwangerschaftskissen-mikrowatte-xxl-weich-baumwolle-gelb\/\"]}]},{\"@type\":\"ImageObject\",\"inLanguage\":\"de\",\"@id\":\"https:\/\/www.mjuka.com\/de\/p\/mjuka-schwangerschaftskissen-mikrowatte-xxl-weich-baumwolle-gelb\/#primaryimage\",\"url\":\"https:\/\/www.mjuka.com\/wp-content\/uploads\/2022\/10\/zwangerschapskussen-yellow-microparel.png\",\"contentUrl\":\"https:\/\/www.mjuka.com\/wp-content\/uploads\/2022\/10\/zwangerschapskussen-yellow-microparel.png\",\"width\":2000,\"height\":2000},{\"@type\":\"BreadcrumbList\",\"@id\":\"https:\/\/www.mjuka.com\/de\/p\/mjuka-schwangerschaftskissen-mikrowatte-xxl-weich-baumwolle-gelb\/#breadcrumb\",\"itemListElement\":[{\"@type\":\"ListItem\",\"position\":1,\"name\":\"Home\",\"item\":\"https:\/\/www.mjuka.com\/de\/\"},{\"@type\":\"ListItem\",\"position\":2,\"name\":\"Shop\",\"item\":\"https:\/\/www.mjuka.com\/nl\/shop\/\"},{\"@type\":\"ListItem\",\"position\":3,\"name\":\"Mjuka Mutterschaft Kissen MicroPearls XXL Soft Cotton Gelb\"}]},{\"@type\":\"WebSite\",\"@id\":\"https:\/\/www.mjuka.com\/de\/#website\",\"url\":\"https:\/\/www.mjuka.com\/de\/\",\"name\":\"Mjuka\",\"description\":\"Pure kwaliteit van vulling tot hoes\",\"publisher\":{\"@id\":\"https:\/\/www.mjuka.com\/de\/#organization\"},\"potentialAction\":[{\"@type\":\"SearchAction\",\"target\":{\"@type\":\"EntryPoint\",\"urlTemplate\":\"https:\/\/www.mjuka.com\/de\/?s={search_term_string}\"},\"query-input\":{\"@type\":\"PropertyValueSpecification\",\"valueRequired\":true,\"valueName\":\"search_term_string\"}}],\"inLanguage\":\"de\"},{\"@type\":\"Organization\",\"@id\":\"https:\/\/www.mjuka.com\/de\/#organization\",\"name\":\"Mjuka\",\"url\":\"https:\/\/www.mjuka.com\/de\/\",\"logo\":{\"@type\":\"ImageObject\",\"inLanguage\":\"de\",\"@id\":\"https:\/\/www.mjuka.com\/de\/#\/schema\/logo\/image\/\",\"url\":\"https:\/\/www.mjuka.com\/wp-content\/uploads\/2022\/09\/Logo_Mjuka.png\",\"contentUrl\":\"https:\/\/www.mjuka.com\/wp-content\/uploads\/2022\/09\/Logo_Mjuka.png\",\"width\":2010,\"height\":687,\"caption\":\"Mjuka\"},\"image\":{\"@id\":\"https:\/\/www.mjuka.com\/de\/#\/schema\/logo\/image\/\"},\"sameAs\":[\"https:\/\/www.facebook.com\/OnMjuka\"]}]}<\/script>\n<!-- \/ Yoast SEO plugin. -->","yoast_head_json":{"title":"Mjuka Mutterschaft Kissen MicroPearls XXL Soft Cotton Gelb | Mjuka","robots":{"index":"index","follow":"follow","max-snippet":"max-snippet:-1","max-image-preview":"max-image-preview:large","max-video-preview":"max-video-preview:-1"},"canonical":"https:\/\/www.mjuka.com\/de\/p\/mjuka-schwangerschaftskissen-mikrowatte-xxl-weich-baumwolle-gelb\/","og_locale":"de_DE","og_type":"article","og_title":"Mjuka Mutterschaft Kissen MicroPearls XXL Soft Cotton Gelb | Mjuka","og_description":"Das einzige Schwangerschaftskissen, das mit den ber\u00fchmten Mikroperlen gef\u00fcllt ist!  Die kleinen und bequemen Mikroperlen von 0,8 bis 1 mm sind unter den Stillkissen sehr bekannt. Mjuka verwendet sie jetzt auch f\u00fcr Umstandskissen, um die ultimative Anpassungsf\u00e4higkeit und den Komfort zu gew\u00e4hrleisten. Dieses Kissen bietet Komfort vor und nach der Entbindung. Er eignet sich auch hervorragend f\u00fcr Menschen mit R\u00fcckenschmerzen oder anderen Beschwerden, die eine zus\u00e4tzliche Unterst\u00fctzung erfordern. Es handelt sich um ein 100%iges niederl\u00e4ndisches Produkt aus hochwertigen Stoffen.  Qualit\u00e4t: 100% niederl\u00e4ndisches Produkt, \u00d6ko-Tex Standard 100  Au\u00dfenmaterial: 100% wunderbar weiche Stretch-Baumwolle  Material des Innenbezugs: Stretch, f\u00fcr optimalen Komfort  F\u00fcllung: Mikro-Perlen  Verpackung: Luxus-Kissenbeutel  Pflege: Der Bezug kann bei 30 Grad in der Maschine gewaschen werden. Darf nicht in den Trockner.  Gr\u00f6\u00dfe: 290 cm (Beine 145 cm) lang und 80 cm breit","og_url":"https:\/\/www.mjuka.com\/de\/p\/mjuka-schwangerschaftskissen-mikrowatte-xxl-weich-baumwolle-gelb\/","og_site_name":"Mjuka","article_publisher":"https:\/\/www.facebook.com\/OnMjuka","article_modified_time":"2024-08-21T10:33:31+00:00","og_image":[{"width":2000,"height":2000,"url":"https:\/\/www.mjuka.com\/wp-content\/uploads\/2022\/10\/zwangerschapskussen-yellow-microparel.png","type":"image\/png"}],"twitter_card":"summary_large_image","schema":{"@context":"https:\/\/schema.org","@graph":[{"@type":"WebPage","@id":"https:\/\/www.mjuka.com\/de\/p\/mjuka-schwangerschaftskissen-mikrowatte-xxl-weich-baumwolle-gelb\/","url":"https:\/\/www.mjuka.com\/de\/p\/mjuka-schwangerschaftskissen-mikrowatte-xxl-weich-baumwolle-gelb\/","name":"Mjuka Mutterschaft Kissen MicroPearls XXL Soft Cotton Gelb | Mjuka","isPartOf":{"@id":"https:\/\/www.mjuka.com\/de\/#website"},"primaryImageOfPage":{"@id":"https:\/\/www.mjuka.com\/de\/p\/mjuka-schwangerschaftskissen-mikrowatte-xxl-weich-baumwolle-gelb\/#primaryimage"},"image":{"@id":"https:\/\/www.mjuka.com\/de\/p\/mjuka-schwangerschaftskissen-mikrowatte-xxl-weich-baumwolle-gelb\/#primaryimage"},"thumbnailUrl":"https:\/\/www.mjuka.com\/wp-content\/uploads\/2022\/10\/zwangerschapskussen-yellow-microparel.png","datePublished":"2022-10-13T08:06:46+00:00","dateModified":"2024-08-21T10:33:31+00:00","breadcrumb":{"@id":"https:\/\/www.mjuka.com\/de\/p\/mjuka-schwangerschaftskissen-mikrowatte-xxl-weich-baumwolle-gelb\/#breadcrumb"},"inLanguage":"de","potentialAction":[{"@type":"ReadAction","target":["https:\/\/www.mjuka.com\/de\/p\/mjuka-schwangerschaftskissen-mikrowatte-xxl-weich-baumwolle-gelb\/"]}]},{"@type":"ImageObject","inLanguage":"de","@id":"https:\/\/www.mjuka.com\/de\/p\/mjuka-schwangerschaftskissen-mikrowatte-xxl-weich-baumwolle-gelb\/#primaryimage","url":"https:\/\/www.mjuka.com\/wp-content\/uploads\/2022\/10\/zwangerschapskussen-yellow-microparel.png","contentUrl":"https:\/\/www.mjuka.com\/wp-content\/uploads\/2022\/10\/zwangerschapskussen-yellow-microparel.png","width":2000,"height":2000},{"@type":"BreadcrumbList","@id":"https:\/\/www.mjuka.com\/de\/p\/mjuka-schwangerschaftskissen-mikrowatte-xxl-weich-baumwolle-gelb\/#breadcrumb","itemListElement":[{"@type":"ListItem","position":1,"name":"Home","item":"https:\/\/www.mjuka.com\/de\/"},{"@type":"ListItem","position":2,"name":"Shop","item":"https:\/\/www.mjuka.com\/nl\/shop\/"},{"@type":"ListItem","position":3,"name":"Mjuka Mutterschaft Kissen MicroPearls XXL Soft Cotton Gelb"}]},{"@type":"WebSite","@id":"https:\/\/www.mjuka.com\/de\/#website","url":"https:\/\/www.mjuka.com\/de\/","name":"Mjuka","description":"Pure kwaliteit van vulling tot hoes","publisher":{"@id":"https:\/\/www.mjuka.com\/de\/#organization"},"potentialAction":[{"@type":"SearchAction","target":{"@type":"EntryPoint","urlTemplate":"https:\/\/www.mjuka.com\/de\/?s={search_term_string}"},"query-input":{"@type":"PropertyValueSpecification","valueRequired":true,"valueName":"search_term_string"}}],"inLanguage":"de"},{"@type":"Organization","@id":"https:\/\/www.mjuka.com\/de\/#organization","name":"Mjuka","url":"https:\/\/www.mjuka.com\/de\/","logo":{"@type":"ImageObject","inLanguage":"de","@id":"https:\/\/www.mjuka.com\/de\/#\/schema\/logo\/image\/","url":"https:\/\/www.mjuka.com\/wp-content\/uploads\/2022\/09\/Logo_Mjuka.png","contentUrl":"https:\/\/www.mjuka.com\/wp-content\/uploads\/2022\/09\/Logo_Mjuka.png","width":2010,"height":687,"caption":"Mjuka"},"image":{"@id":"https:\/\/www.mjuka.com\/de\/#\/schema\/logo\/image\/"},"sameAs":["https:\/\/www.facebook.com\/OnMjuka"]}]}},"_links":{"self":[{"href":"https:\/\/www.mjuka.com\/de\/wp-json\/wp\/v2\/product\/3637"}],"collection":[{"href":"https:\/\/www.mjuka.com\/de\/wp-json\/wp\/v2\/product"}],"about":[{"href":"https:\/\/www.mjuka.com\/de\/wp-json\/wp\/v2\/types\/product"}],"replies":[{"embeddable":true,"href":"https:\/\/www.mjuka.com\/de\/wp-json\/wp\/v2\/comments?post=3637"}],"version-history":[{"count":1,"href":"https:\/\/www.mjuka.com\/de\/wp-json\/wp\/v2\/product\/3637\/revisions"}],"predecessor-version":[{"id":5109,"href":"https:\/\/www.mjuka.com\/de\/wp-json\/wp\/v2\/product\/3637\/revisions\/5109"}],"wp:featuredmedia":[{"embeddable":true,"href":"https:\/\/www.mjuka.com\/de\/wp-json\/wp\/v2\/media\/3638"}],"wp:attachment":[{"href":"https:\/\/www.mjuka.com\/de\/wp-json\/wp\/v2\/media?parent=3637"}],"wp:term":[{"taxonomy":"product_brand","embeddable":true,"href":"https:\/\/www.mjuka.com\/de\/wp-json\/wp\/v2\/product_brand?post=3637"},{"taxonomy":"product_cat","embeddable":true,"href":"https:\/\/www.mjuka.com\/de\/wp-json\/wp\/v2\/product_cat?post=3637"},{"taxonomy":"product_tag","embeddable":true,"href":"https:\/\/www.mjuka.com\/de\/wp-json\/wp\/v2\/product_tag?post=3637"}],"curies":[{"name":"wp","href":"https:\/\/api.w.org\/{rel}","templated":true}]}}