{"id":3722,"date":"2022-10-13T10:06:25","date_gmt":"2022-10-13T08:06:25","guid":{"rendered":"https:\/\/mjuka.com\/p\/mjuka-zwangerschapskussenhoes-soft-cotton-brique\/"},"modified":"2024-08-21T12:39:04","modified_gmt":"2024-08-21T10:39:04","slug":"mjuka-schwangerschafts-kissen-bezug-weiche-baumwolle-brikot","status":"publish","type":"product","link":"https:\/\/www.mjuka.com\/de\/p\/mjuka-schwangerschafts-kissen-bezug-weiche-baumwolle-brikot\/","title":{"rendered":"Mjuka Mutterschaft Kissen Abdeckung weiche Baumwolle Brique"},"content":{"rendered":"<p>Auch in Gr\u00fcn, Grau und Ockergelb aus 100% seidenweicher Baumwolle erh\u00e4ltlich. Und in Hellgrau und Schwarz aus dem extra weichen Nicky Velour Stoff.<\/p>\n<p>Dieser Bezug geh\u00f6rt zu dem mjuka Schwangerschaftskissen.<\/p>\n","protected":false},"excerpt":{"rendered":"<p><strong>Qualit\u00e4t:<\/strong> 100 % niederl\u00e4ndisches Produkt<\/p>\n<p><strong>Material<\/strong>: 100 % Baumwolle<\/p>\n<p><strong>Rei\u00dfverschluss:<\/strong> Optilon<\/p>\n<p><strong>Pflege<\/strong>: Maschinenw\u00e4sche bei 30\u00b0C &#8211; Nicht f\u00fcr den Trockner geeignet.<\/p>\n<p><strong>Gr\u00f6\u00dfe<\/strong>: 280 cm (Beine 140 cm) lang und 70 cm breit<\/p>\n","protected":false},"featured_media":3723,"comment_status":"open","ping_status":"closed","template":"","meta":{"site-sidebar-layout":"default","site-content-layout":"default","ast-site-content-layout":"default","site-content-style":"default","site-sidebar-style":"default","ast-global-header-display":"","ast-banner-title-visibility":"","ast-main-header-display":"","ast-hfb-above-header-display":"","ast-hfb-below-header-display":"","ast-hfb-mobile-header-display":"","site-post-title":"","ast-breadcrumbs-content":"","ast-featured-img":"","footer-sml-layout":"","ast-disable-related-posts":"","theme-transparent-header-meta":"default","adv-header-id-meta":"","stick-header-meta":"default","header-above-stick-meta":"","header-main-stick-meta":"","header-below-stick-meta":"","astra-migrate-meta-layouts":"default","ast-page-background-enabled":"default","ast-page-background-meta":{"desktop":{"background-color":"var(--ast-global-color-4)","background-image":"","background-repeat":"repeat","background-position":"center center","background-size":"auto","background-attachment":"scroll","background-type":"","background-media":"","overlay-type":"","overlay-color":"","overlay-opacity":"","overlay-gradient":""},"tablet":{"background-color":"","background-image":"","background-repeat":"repeat","background-position":"center center","background-size":"auto","background-attachment":"scroll","background-type":"","background-media":"","overlay-type":"","overlay-color":"","overlay-opacity":"","overlay-gradient":""},"mobile":{"background-color":"","background-image":"","background-repeat":"repeat","background-position":"center center","background-size":"auto","background-attachment":"scroll","background-type":"","background-media":"","overlay-type":"","overlay-color":"","overlay-opacity":"","overlay-gradient":""}},"ast-content-background-meta":{"desktop":{"background-color":"var(--ast-global-color-5)","background-image":"","background-repeat":"repeat","background-position":"center center","background-size":"auto","background-attachment":"scroll","background-type":"","background-media":"","overlay-type":"","overlay-color":"","overlay-opacity":"","overlay-gradient":""},"tablet":{"background-color":"var(--ast-global-color-5)","background-image":"","background-repeat":"repeat","background-position":"center center","background-size":"auto","background-attachment":"scroll","background-type":"","background-media":"","overlay-type":"","overlay-color":"","overlay-opacity":"","overlay-gradient":""},"mobile":{"background-color":"var(--ast-global-color-5)","background-image":"","background-repeat":"repeat","background-position":"center center","background-size":"auto","background-attachment":"scroll","background-type":"","background-media":"","overlay-type":"","overlay-color":"","overlay-opacity":"","overlay-gradient":""}}},"product_brand":[],"product_cat":[138],"product_tag":[],"class_list":{"0":"post-3722","1":"product","2":"type-product","3":"status-publish","4":"has-post-thumbnail","6":"product_cat-bezuege","7":"desktop-align-left","8":"tablet-align-left","9":"mobile-align-left","10":"ast-product-gallery-layout-horizontal-slider","11":"ast-product-gallery-with-no-image","12":"ast-magnify-disabled","13":"ast-product-tabs-layout-distributed","15":"first","16":"instock","17":"taxable","18":"shipping-taxable","19":"purchasable","20":"product-type-simple"},"yoast_head":"<!-- This site is optimized with the Yoast SEO plugin v25.6 - https:\/\/yoast.com\/wordpress\/plugins\/seo\/ -->\n<title>Mjuka Mutterschaft Kissen Abdeckung weiche Baumwolle Brique | Mjuka<\/title>\n<meta name=\"robots\" content=\"index, follow, max-snippet:-1, max-image-preview:large, max-video-preview:-1\" \/>\n<link rel=\"canonical\" href=\"https:\/\/www.mjuka.com\/de\/p\/mjuka-schwangerschafts-kissen-bezug-weiche-baumwolle-brikot\/\" \/>\n<meta property=\"og:locale\" content=\"de_DE\" \/>\n<meta property=\"og:type\" content=\"article\" \/>\n<meta property=\"og:title\" content=\"Mjuka Mutterschaft Kissen Abdeckung weiche Baumwolle Brique | Mjuka\" \/>\n<meta property=\"og:description\" content=\"Qualit\u00e4t: 100 % niederl\u00e4ndisches Produkt Material: 100 % Baumwolle Rei\u00dfverschluss: Optilon Pflege: Maschinenw\u00e4sche bei 30\u00b0C - Nicht f\u00fcr den Trockner geeignet. Gr\u00f6\u00dfe: 280 cm (Beine 140 cm) lang und 70 cm breit\" \/>\n<meta property=\"og:url\" content=\"https:\/\/www.mjuka.com\/de\/p\/mjuka-schwangerschafts-kissen-bezug-weiche-baumwolle-brikot\/\" \/>\n<meta property=\"og:site_name\" content=\"Mjuka\" \/>\n<meta property=\"article:publisher\" content=\"https:\/\/www.facebook.com\/OnMjuka\" \/>\n<meta property=\"article:modified_time\" content=\"2024-08-21T10:39:04+00:00\" \/>\n<meta property=\"og:image\" content=\"https:\/\/www.mjuka.com\/wp-content\/uploads\/2022\/09\/mjuka_zwangerschapskussen_brique_1.jpg\" \/>\n\t<meta property=\"og:image:width\" content=\"1000\" \/>\n\t<meta property=\"og:image:height\" content=\"1000\" \/>\n\t<meta property=\"og:image:type\" content=\"image\/jpeg\" \/>\n<meta name=\"twitter:card\" content=\"summary_large_image\" \/>\n<script type=\"application\/ld+json\" class=\"yoast-schema-graph\">{\"@context\":\"https:\/\/schema.org\",\"@graph\":[{\"@type\":\"WebPage\",\"@id\":\"https:\/\/www.mjuka.com\/de\/p\/mjuka-schwangerschafts-kissen-bezug-weiche-baumwolle-brikot\/\",\"url\":\"https:\/\/www.mjuka.com\/de\/p\/mjuka-schwangerschafts-kissen-bezug-weiche-baumwolle-brikot\/\",\"name\":\"Mjuka Mutterschaft Kissen Abdeckung weiche Baumwolle Brique | Mjuka\",\"isPartOf\":{\"@id\":\"https:\/\/www.mjuka.com\/de\/#website\"},\"primaryImageOfPage\":{\"@id\":\"https:\/\/www.mjuka.com\/de\/p\/mjuka-schwangerschafts-kissen-bezug-weiche-baumwolle-brikot\/#primaryimage\"},\"image\":{\"@id\":\"https:\/\/www.mjuka.com\/de\/p\/mjuka-schwangerschafts-kissen-bezug-weiche-baumwolle-brikot\/#primaryimage\"},\"thumbnailUrl\":\"https:\/\/www.mjuka.com\/wp-content\/uploads\/2022\/09\/mjuka_zwangerschapskussen_brique_1.jpg\",\"datePublished\":\"2022-10-13T08:06:25+00:00\",\"dateModified\":\"2024-08-21T10:39:04+00:00\",\"breadcrumb\":{\"@id\":\"https:\/\/www.mjuka.com\/de\/p\/mjuka-schwangerschafts-kissen-bezug-weiche-baumwolle-brikot\/#breadcrumb\"},\"inLanguage\":\"de\",\"potentialAction\":[{\"@type\":\"ReadAction\",\"target\":[\"https:\/\/www.mjuka.com\/de\/p\/mjuka-schwangerschafts-kissen-bezug-weiche-baumwolle-brikot\/\"]}]},{\"@type\":\"ImageObject\",\"inLanguage\":\"de\",\"@id\":\"https:\/\/www.mjuka.com\/de\/p\/mjuka-schwangerschafts-kissen-bezug-weiche-baumwolle-brikot\/#primaryimage\",\"url\":\"https:\/\/www.mjuka.com\/wp-content\/uploads\/2022\/09\/mjuka_zwangerschapskussen_brique_1.jpg\",\"contentUrl\":\"https:\/\/www.mjuka.com\/wp-content\/uploads\/2022\/09\/mjuka_zwangerschapskussen_brique_1.jpg\",\"width\":1000,\"height\":1000},{\"@type\":\"BreadcrumbList\",\"@id\":\"https:\/\/www.mjuka.com\/de\/p\/mjuka-schwangerschafts-kissen-bezug-weiche-baumwolle-brikot\/#breadcrumb\",\"itemListElement\":[{\"@type\":\"ListItem\",\"position\":1,\"name\":\"Home\",\"item\":\"https:\/\/www.mjuka.com\/de\/\"},{\"@type\":\"ListItem\",\"position\":2,\"name\":\"Shop\",\"item\":\"https:\/\/www.mjuka.com\/nl\/shop\/\"},{\"@type\":\"ListItem\",\"position\":3,\"name\":\"Mjuka Mutterschaft Kissen Abdeckung weiche Baumwolle Brique\"}]},{\"@type\":\"WebSite\",\"@id\":\"https:\/\/www.mjuka.com\/de\/#website\",\"url\":\"https:\/\/www.mjuka.com\/de\/\",\"name\":\"Mjuka\",\"description\":\"Pure kwaliteit van vulling tot hoes\",\"publisher\":{\"@id\":\"https:\/\/www.mjuka.com\/de\/#organization\"},\"potentialAction\":[{\"@type\":\"SearchAction\",\"target\":{\"@type\":\"EntryPoint\",\"urlTemplate\":\"https:\/\/www.mjuka.com\/de\/?s={search_term_string}\"},\"query-input\":{\"@type\":\"PropertyValueSpecification\",\"valueRequired\":true,\"valueName\":\"search_term_string\"}}],\"inLanguage\":\"de\"},{\"@type\":\"Organization\",\"@id\":\"https:\/\/www.mjuka.com\/de\/#organization\",\"name\":\"Mjuka\",\"url\":\"https:\/\/www.mjuka.com\/de\/\",\"logo\":{\"@type\":\"ImageObject\",\"inLanguage\":\"de\",\"@id\":\"https:\/\/www.mjuka.com\/de\/#\/schema\/logo\/image\/\",\"url\":\"https:\/\/www.mjuka.com\/wp-content\/uploads\/2022\/09\/Logo_Mjuka.png\",\"contentUrl\":\"https:\/\/www.mjuka.com\/wp-content\/uploads\/2022\/09\/Logo_Mjuka.png\",\"width\":2010,\"height\":687,\"caption\":\"Mjuka\"},\"image\":{\"@id\":\"https:\/\/www.mjuka.com\/de\/#\/schema\/logo\/image\/\"},\"sameAs\":[\"https:\/\/www.facebook.com\/OnMjuka\"]}]}<\/script>\n<!-- \/ Yoast SEO plugin. -->","yoast_head_json":{"title":"Mjuka Mutterschaft Kissen Abdeckung weiche Baumwolle Brique | Mjuka","robots":{"index":"index","follow":"follow","max-snippet":"max-snippet:-1","max-image-preview":"max-image-preview:large","max-video-preview":"max-video-preview:-1"},"canonical":"https:\/\/www.mjuka.com\/de\/p\/mjuka-schwangerschafts-kissen-bezug-weiche-baumwolle-brikot\/","og_locale":"de_DE","og_type":"article","og_title":"Mjuka Mutterschaft Kissen Abdeckung weiche Baumwolle Brique | Mjuka","og_description":"Qualit\u00e4t: 100 % niederl\u00e4ndisches Produkt Material: 100 % Baumwolle Rei\u00dfverschluss: Optilon Pflege: Maschinenw\u00e4sche bei 30\u00b0C - Nicht f\u00fcr den Trockner geeignet. Gr\u00f6\u00dfe: 280 cm (Beine 140 cm) lang und 70 cm breit","og_url":"https:\/\/www.mjuka.com\/de\/p\/mjuka-schwangerschafts-kissen-bezug-weiche-baumwolle-brikot\/","og_site_name":"Mjuka","article_publisher":"https:\/\/www.facebook.com\/OnMjuka","article_modified_time":"2024-08-21T10:39:04+00:00","og_image":[{"width":1000,"height":1000,"url":"https:\/\/www.mjuka.com\/wp-content\/uploads\/2022\/09\/mjuka_zwangerschapskussen_brique_1.jpg","type":"image\/jpeg"}],"twitter_card":"summary_large_image","schema":{"@context":"https:\/\/schema.org","@graph":[{"@type":"WebPage","@id":"https:\/\/www.mjuka.com\/de\/p\/mjuka-schwangerschafts-kissen-bezug-weiche-baumwolle-brikot\/","url":"https:\/\/www.mjuka.com\/de\/p\/mjuka-schwangerschafts-kissen-bezug-weiche-baumwolle-brikot\/","name":"Mjuka Mutterschaft Kissen Abdeckung weiche Baumwolle Brique | Mjuka","isPartOf":{"@id":"https:\/\/www.mjuka.com\/de\/#website"},"primaryImageOfPage":{"@id":"https:\/\/www.mjuka.com\/de\/p\/mjuka-schwangerschafts-kissen-bezug-weiche-baumwolle-brikot\/#primaryimage"},"image":{"@id":"https:\/\/www.mjuka.com\/de\/p\/mjuka-schwangerschafts-kissen-bezug-weiche-baumwolle-brikot\/#primaryimage"},"thumbnailUrl":"https:\/\/www.mjuka.com\/wp-content\/uploads\/2022\/09\/mjuka_zwangerschapskussen_brique_1.jpg","datePublished":"2022-10-13T08:06:25+00:00","dateModified":"2024-08-21T10:39:04+00:00","breadcrumb":{"@id":"https:\/\/www.mjuka.com\/de\/p\/mjuka-schwangerschafts-kissen-bezug-weiche-baumwolle-brikot\/#breadcrumb"},"inLanguage":"de","potentialAction":[{"@type":"ReadAction","target":["https:\/\/www.mjuka.com\/de\/p\/mjuka-schwangerschafts-kissen-bezug-weiche-baumwolle-brikot\/"]}]},{"@type":"ImageObject","inLanguage":"de","@id":"https:\/\/www.mjuka.com\/de\/p\/mjuka-schwangerschafts-kissen-bezug-weiche-baumwolle-brikot\/#primaryimage","url":"https:\/\/www.mjuka.com\/wp-content\/uploads\/2022\/09\/mjuka_zwangerschapskussen_brique_1.jpg","contentUrl":"https:\/\/www.mjuka.com\/wp-content\/uploads\/2022\/09\/mjuka_zwangerschapskussen_brique_1.jpg","width":1000,"height":1000},{"@type":"BreadcrumbList","@id":"https:\/\/www.mjuka.com\/de\/p\/mjuka-schwangerschafts-kissen-bezug-weiche-baumwolle-brikot\/#breadcrumb","itemListElement":[{"@type":"ListItem","position":1,"name":"Home","item":"https:\/\/www.mjuka.com\/de\/"},{"@type":"ListItem","position":2,"name":"Shop","item":"https:\/\/www.mjuka.com\/nl\/shop\/"},{"@type":"ListItem","position":3,"name":"Mjuka Mutterschaft Kissen Abdeckung weiche Baumwolle Brique"}]},{"@type":"WebSite","@id":"https:\/\/www.mjuka.com\/de\/#website","url":"https:\/\/www.mjuka.com\/de\/","name":"Mjuka","description":"Pure kwaliteit van vulling tot hoes","publisher":{"@id":"https:\/\/www.mjuka.com\/de\/#organization"},"potentialAction":[{"@type":"SearchAction","target":{"@type":"EntryPoint","urlTemplate":"https:\/\/www.mjuka.com\/de\/?s={search_term_string}"},"query-input":{"@type":"PropertyValueSpecification","valueRequired":true,"valueName":"search_term_string"}}],"inLanguage":"de"},{"@type":"Organization","@id":"https:\/\/www.mjuka.com\/de\/#organization","name":"Mjuka","url":"https:\/\/www.mjuka.com\/de\/","logo":{"@type":"ImageObject","inLanguage":"de","@id":"https:\/\/www.mjuka.com\/de\/#\/schema\/logo\/image\/","url":"https:\/\/www.mjuka.com\/wp-content\/uploads\/2022\/09\/Logo_Mjuka.png","contentUrl":"https:\/\/www.mjuka.com\/wp-content\/uploads\/2022\/09\/Logo_Mjuka.png","width":2010,"height":687,"caption":"Mjuka"},"image":{"@id":"https:\/\/www.mjuka.com\/de\/#\/schema\/logo\/image\/"},"sameAs":["https:\/\/www.facebook.com\/OnMjuka"]}]}},"_links":{"self":[{"href":"https:\/\/www.mjuka.com\/de\/wp-json\/wp\/v2\/product\/3722"}],"collection":[{"href":"https:\/\/www.mjuka.com\/de\/wp-json\/wp\/v2\/product"}],"about":[{"href":"https:\/\/www.mjuka.com\/de\/wp-json\/wp\/v2\/types\/product"}],"replies":[{"embeddable":true,"href":"https:\/\/www.mjuka.com\/de\/wp-json\/wp\/v2\/comments?post=3722"}],"version-history":[{"count":1,"href":"https:\/\/www.mjuka.com\/de\/wp-json\/wp\/v2\/product\/3722\/revisions"}],"predecessor-version":[{"id":5118,"href":"https:\/\/www.mjuka.com\/de\/wp-json\/wp\/v2\/product\/3722\/revisions\/5118"}],"wp:featuredmedia":[{"embeddable":true,"href":"https:\/\/www.mjuka.com\/de\/wp-json\/wp\/v2\/media\/3723"}],"wp:attachment":[{"href":"https:\/\/www.mjuka.com\/de\/wp-json\/wp\/v2\/media?parent=3722"}],"wp:term":[{"taxonomy":"product_brand","embeddable":true,"href":"https:\/\/www.mjuka.com\/de\/wp-json\/wp\/v2\/product_brand?post=3722"},{"taxonomy":"product_cat","embeddable":true,"href":"https:\/\/www.mjuka.com\/de\/wp-json\/wp\/v2\/product_cat?post=3722"},{"taxonomy":"product_tag","embeddable":true,"href":"https:\/\/www.mjuka.com\/de\/wp-json\/wp\/v2\/product_tag?post=3722"}],"curies":[{"name":"wp","href":"https:\/\/api.w.org\/{rel}","templated":true}]}}