{"id":3725,"date":"2022-10-13T10:06:25","date_gmt":"2022-10-13T08:06:25","guid":{"rendered":"https:\/\/mjuka.com\/p\/mjuka-voedingskussen-microparels-soft-cotton-grijs\/"},"modified":"2024-08-21T12:39:08","modified_gmt":"2024-08-21T10:39:08","slug":"mjuka-futterungskissen-mikroperlen-weiche-baumwolle-grau","status":"publish","type":"product","link":"https:\/\/www.mjuka.com\/de\/p\/mjuka-futterungskissen-mikroperlen-weiche-baumwolle-grau\/","title":{"rendered":"Mjuka Stillkissen Mikroperlen &#8211; Weiche Baumwolle &#8211; Grau"},"content":{"rendered":"<p>Das Mjuka Stillkissen ist ein trendiges und multifunktionales Stillkissen. Durch die Verwendung von Stretch-Materialien ist das Kissen flexibel und kann leicht f\u00fcr verschiedene Positionen verwendet werden. So kann man damit wunderbar schlafen und nat\u00fcrlich gibt es die zus\u00e4tzliche Unterst\u00fctzung beim Stillen und F\u00fcttern. Au\u00dferdem liegen Babys gerne auf dem weichen Stillkissen. Die kleinen und bequemen Mikroperlen sind 0,8 bis 1 mm gro\u00df und sehr bekannt als F\u00fcllung f\u00fcr Stillkissen. Weil sie so klein sind, passt sich das Kissen gut an, und Sie haben optimalen Komfort beim Liegen oder F\u00fcttern. Und das ist nat\u00fcrlich sehr angenehm beim F\u00fcttern oder als zus\u00e4tzliche Unterst\u00fctzung im Bett.<\/p>\n","protected":false},"excerpt":{"rendered":"<p><strong>Qualit\u00e4t:<\/strong> 100 % niederl\u00e4ndisches Produkt<\/p>\n<p><strong>Qualit\u00e4tsbezug:<\/strong> \u00d6ko-Tex Standard 100<\/p>\n<p><strong>Bezugsmaterial:<\/strong> 100% herrlich weiche Stretch-Baumwolle<\/p>\n<p><strong>Innenbezug:<\/strong> 100 % Stretch-Baumwolle, f\u00fcr optimale Atmungsaktivit\u00e4t<\/p>\n<p><strong>F\u00fcllung:<\/strong> Mikrok\u00fcgelchen von 0,8 bis 1 mm<\/p>\n<p><strong>Verpackung:<\/strong> Luxus-Kissenbeutel<\/p>\n<p><strong>Pflege:<\/strong> Bezug bei 30 Grad in der Maschine waschen. Darf nicht in den Trockner.<\/p>\n<p><strong>Gr\u00f6\u00dfe:<\/strong> 180 cm (au\u00dfen von Punkt zu Punkt gemessen)<\/p>\n<p><em>Lesen Sie die Rezension von Mama&#8217;s Girl:<\/em><\/p>\n<p><a href=\"https:\/\/www.mamasmeisje.com\/2020\/07\/13\/mjuka-voedingskussen\/\" target=\"_blank\" rel=\"nofollow noopener\"><img decoding=\"async\" class=\"alignnone wp-image-5279 size-medium\" src=\"https:\/\/voedingskussenwinkel.nl\/wp-content\/uploads\/2020\/06\/mamas-meisje-facebook-banner-300x114.jpg\" alt=\"\" width=\"300\" height=\"114\"><\/a><\/p>\n","protected":false},"featured_media":3726,"comment_status":"closed","ping_status":"closed","template":"","meta":{"site-sidebar-layout":"default","site-content-layout":"default","ast-site-content-layout":"default","site-content-style":"default","site-sidebar-style":"default","ast-global-header-display":"","ast-banner-title-visibility":"","ast-main-header-display":"","ast-hfb-above-header-display":"","ast-hfb-below-header-display":"","ast-hfb-mobile-header-display":"","site-post-title":"","ast-breadcrumbs-content":"","ast-featured-img":"","footer-sml-layout":"","ast-disable-related-posts":"","theme-transparent-header-meta":"default","adv-header-id-meta":"","stick-header-meta":"default","header-above-stick-meta":"","header-main-stick-meta":"","header-below-stick-meta":"","astra-migrate-meta-layouts":"default","ast-page-background-enabled":"default","ast-page-background-meta":{"desktop":{"background-color":"var(--ast-global-color-4)","background-image":"","background-repeat":"repeat","background-position":"center center","background-size":"auto","background-attachment":"scroll","background-type":"","background-media":"","overlay-type":"","overlay-color":"","overlay-opacity":"","overlay-gradient":""},"tablet":{"background-color":"","background-image":"","background-repeat":"repeat","background-position":"center center","background-size":"auto","background-attachment":"scroll","background-type":"","background-media":"","overlay-type":"","overlay-color":"","overlay-opacity":"","overlay-gradient":""},"mobile":{"background-color":"","background-image":"","background-repeat":"repeat","background-position":"center center","background-size":"auto","background-attachment":"scroll","background-type":"","background-media":"","overlay-type":"","overlay-color":"","overlay-opacity":"","overlay-gradient":""}},"ast-content-background-meta":{"desktop":{"background-color":"var(--ast-global-color-5)","background-image":"","background-repeat":"repeat","background-position":"center center","background-size":"auto","background-attachment":"scroll","background-type":"","background-media":"","overlay-type":"","overlay-color":"","overlay-opacity":"","overlay-gradient":""},"tablet":{"background-color":"var(--ast-global-color-5)","background-image":"","background-repeat":"repeat","background-position":"center center","background-size":"auto","background-attachment":"scroll","background-type":"","background-media":"","overlay-type":"","overlay-color":"","overlay-opacity":"","overlay-gradient":""},"mobile":{"background-color":"var(--ast-global-color-5)","background-image":"","background-repeat":"repeat","background-position":"center center","background-size":"auto","background-attachment":"scroll","background-type":"","background-media":"","overlay-type":"","overlay-color":"","overlay-opacity":"","overlay-gradient":""}}},"product_brand":[],"product_cat":[140],"product_tag":[],"class_list":{"0":"post-3725","1":"product","2":"type-product","3":"status-publish","4":"has-post-thumbnail","6":"product_cat-stillkissen","7":"desktop-align-left","8":"tablet-align-left","9":"mobile-align-left","10":"ast-product-gallery-layout-horizontal-slider","11":"ast-product-gallery-with-no-image","12":"ast-magnify-disabled","13":"ast-product-tabs-layout-distributed","15":"first","16":"instock","17":"taxable","18":"shipping-taxable","19":"purchasable","20":"product-type-simple"},"yoast_head":"<!-- This site is optimized with the Yoast SEO plugin v25.6 - https:\/\/yoast.com\/wordpress\/plugins\/seo\/ -->\n<title>Mjuka Stillkissen Mikroperlen - Weiche Baumwolle - Grau | Mjuka<\/title>\n<meta name=\"robots\" content=\"index, follow, max-snippet:-1, max-image-preview:large, max-video-preview:-1\" \/>\n<link rel=\"canonical\" href=\"https:\/\/www.mjuka.com\/de\/p\/mjuka-futterungskissen-mikroperlen-weiche-baumwolle-grau\/\" \/>\n<meta property=\"og:locale\" content=\"de_DE\" \/>\n<meta property=\"og:type\" content=\"article\" \/>\n<meta property=\"og:title\" content=\"Mjuka Stillkissen Mikroperlen - Weiche Baumwolle - Grau | Mjuka\" \/>\n<meta property=\"og:description\" content=\"Qualit\u00e4t: 100 % niederl\u00e4ndisches Produkt Qualit\u00e4tsbezug: \u00d6ko-Tex Standard 100 Bezugsmaterial: 100% herrlich weiche Stretch-Baumwolle Innenbezug: 100 % Stretch-Baumwolle, f\u00fcr optimale Atmungsaktivit\u00e4t F\u00fcllung: Mikrok\u00fcgelchen von 0,8 bis 1 mm Verpackung: Luxus-Kissenbeutel Pflege: Bezug bei 30 Grad in der Maschine waschen. Darf nicht in den Trockner. Gr\u00f6\u00dfe: 180 cm (au\u00dfen von Punkt zu Punkt gemessen)   Lesen Sie die Rezension von Mama&#039;s Girl:\" \/>\n<meta property=\"og:url\" content=\"https:\/\/www.mjuka.com\/de\/p\/mjuka-futterungskissen-mikroperlen-weiche-baumwolle-grau\/\" \/>\n<meta property=\"og:site_name\" content=\"Mjuka\" \/>\n<meta property=\"article:publisher\" content=\"https:\/\/www.facebook.com\/OnMjuka\" \/>\n<meta property=\"article:modified_time\" content=\"2024-08-21T10:39:08+00:00\" \/>\n<meta property=\"og:image\" content=\"https:\/\/www.mjuka.com\/wp-content\/uploads\/2022\/09\/mjuka_voedingskussen_microparels_grijs.png\" \/>\n\t<meta property=\"og:image:width\" content=\"1000\" \/>\n\t<meta property=\"og:image:height\" content=\"1000\" \/>\n\t<meta property=\"og:image:type\" content=\"image\/png\" \/>\n<meta name=\"twitter:card\" content=\"summary_large_image\" \/>\n<meta name=\"twitter:label1\" content=\"Gesch\u00e4tzte Lesezeit\" \/>\n\t<meta name=\"twitter:data1\" content=\"1\u00a0Minute\" \/>\n<script type=\"application\/ld+json\" class=\"yoast-schema-graph\">{\"@context\":\"https:\/\/schema.org\",\"@graph\":[{\"@type\":\"WebPage\",\"@id\":\"https:\/\/www.mjuka.com\/de\/p\/mjuka-futterungskissen-mikroperlen-weiche-baumwolle-grau\/\",\"url\":\"https:\/\/www.mjuka.com\/de\/p\/mjuka-futterungskissen-mikroperlen-weiche-baumwolle-grau\/\",\"name\":\"Mjuka Stillkissen Mikroperlen - Weiche Baumwolle - Grau | Mjuka\",\"isPartOf\":{\"@id\":\"https:\/\/www.mjuka.com\/de\/#website\"},\"primaryImageOfPage\":{\"@id\":\"https:\/\/www.mjuka.com\/de\/p\/mjuka-futterungskissen-mikroperlen-weiche-baumwolle-grau\/#primaryimage\"},\"image\":{\"@id\":\"https:\/\/www.mjuka.com\/de\/p\/mjuka-futterungskissen-mikroperlen-weiche-baumwolle-grau\/#primaryimage\"},\"thumbnailUrl\":\"https:\/\/www.mjuka.com\/wp-content\/uploads\/2022\/09\/mjuka_voedingskussen_microparels_grijs.png\",\"datePublished\":\"2022-10-13T08:06:25+00:00\",\"dateModified\":\"2024-08-21T10:39:08+00:00\",\"breadcrumb\":{\"@id\":\"https:\/\/www.mjuka.com\/de\/p\/mjuka-futterungskissen-mikroperlen-weiche-baumwolle-grau\/#breadcrumb\"},\"inLanguage\":\"de\",\"potentialAction\":[{\"@type\":\"ReadAction\",\"target\":[\"https:\/\/www.mjuka.com\/de\/p\/mjuka-futterungskissen-mikroperlen-weiche-baumwolle-grau\/\"]}]},{\"@type\":\"ImageObject\",\"inLanguage\":\"de\",\"@id\":\"https:\/\/www.mjuka.com\/de\/p\/mjuka-futterungskissen-mikroperlen-weiche-baumwolle-grau\/#primaryimage\",\"url\":\"https:\/\/www.mjuka.com\/wp-content\/uploads\/2022\/09\/mjuka_voedingskussen_microparels_grijs.png\",\"contentUrl\":\"https:\/\/www.mjuka.com\/wp-content\/uploads\/2022\/09\/mjuka_voedingskussen_microparels_grijs.png\",\"width\":1000,\"height\":1000},{\"@type\":\"BreadcrumbList\",\"@id\":\"https:\/\/www.mjuka.com\/de\/p\/mjuka-futterungskissen-mikroperlen-weiche-baumwolle-grau\/#breadcrumb\",\"itemListElement\":[{\"@type\":\"ListItem\",\"position\":1,\"name\":\"Home\",\"item\":\"https:\/\/www.mjuka.com\/de\/\"},{\"@type\":\"ListItem\",\"position\":2,\"name\":\"Shop\",\"item\":\"https:\/\/www.mjuka.com\/nl\/shop\/\"},{\"@type\":\"ListItem\",\"position\":3,\"name\":\"Mjuka Stillkissen Mikroperlen &#8211; Weiche Baumwolle &#8211; Grau\"}]},{\"@type\":\"WebSite\",\"@id\":\"https:\/\/www.mjuka.com\/de\/#website\",\"url\":\"https:\/\/www.mjuka.com\/de\/\",\"name\":\"Mjuka\",\"description\":\"Pure kwaliteit van vulling tot hoes\",\"publisher\":{\"@id\":\"https:\/\/www.mjuka.com\/de\/#organization\"},\"potentialAction\":[{\"@type\":\"SearchAction\",\"target\":{\"@type\":\"EntryPoint\",\"urlTemplate\":\"https:\/\/www.mjuka.com\/de\/?s={search_term_string}\"},\"query-input\":{\"@type\":\"PropertyValueSpecification\",\"valueRequired\":true,\"valueName\":\"search_term_string\"}}],\"inLanguage\":\"de\"},{\"@type\":\"Organization\",\"@id\":\"https:\/\/www.mjuka.com\/de\/#organization\",\"name\":\"Mjuka\",\"url\":\"https:\/\/www.mjuka.com\/de\/\",\"logo\":{\"@type\":\"ImageObject\",\"inLanguage\":\"de\",\"@id\":\"https:\/\/www.mjuka.com\/de\/#\/schema\/logo\/image\/\",\"url\":\"https:\/\/www.mjuka.com\/wp-content\/uploads\/2022\/09\/Logo_Mjuka.png\",\"contentUrl\":\"https:\/\/www.mjuka.com\/wp-content\/uploads\/2022\/09\/Logo_Mjuka.png\",\"width\":2010,\"height\":687,\"caption\":\"Mjuka\"},\"image\":{\"@id\":\"https:\/\/www.mjuka.com\/de\/#\/schema\/logo\/image\/\"},\"sameAs\":[\"https:\/\/www.facebook.com\/OnMjuka\"]}]}<\/script>\n<!-- \/ Yoast SEO plugin. -->","yoast_head_json":{"title":"Mjuka Stillkissen Mikroperlen - Weiche Baumwolle - Grau | Mjuka","robots":{"index":"index","follow":"follow","max-snippet":"max-snippet:-1","max-image-preview":"max-image-preview:large","max-video-preview":"max-video-preview:-1"},"canonical":"https:\/\/www.mjuka.com\/de\/p\/mjuka-futterungskissen-mikroperlen-weiche-baumwolle-grau\/","og_locale":"de_DE","og_type":"article","og_title":"Mjuka Stillkissen Mikroperlen - Weiche Baumwolle - Grau | Mjuka","og_description":"Qualit\u00e4t: 100 % niederl\u00e4ndisches Produkt Qualit\u00e4tsbezug: \u00d6ko-Tex Standard 100 Bezugsmaterial: 100% herrlich weiche Stretch-Baumwolle Innenbezug: 100 % Stretch-Baumwolle, f\u00fcr optimale Atmungsaktivit\u00e4t F\u00fcllung: Mikrok\u00fcgelchen von 0,8 bis 1 mm Verpackung: Luxus-Kissenbeutel Pflege: Bezug bei 30 Grad in der Maschine waschen. Darf nicht in den Trockner. Gr\u00f6\u00dfe: 180 cm (au\u00dfen von Punkt zu Punkt gemessen)   Lesen Sie die Rezension von Mama's Girl:","og_url":"https:\/\/www.mjuka.com\/de\/p\/mjuka-futterungskissen-mikroperlen-weiche-baumwolle-grau\/","og_site_name":"Mjuka","article_publisher":"https:\/\/www.facebook.com\/OnMjuka","article_modified_time":"2024-08-21T10:39:08+00:00","og_image":[{"width":1000,"height":1000,"url":"https:\/\/www.mjuka.com\/wp-content\/uploads\/2022\/09\/mjuka_voedingskussen_microparels_grijs.png","type":"image\/png"}],"twitter_card":"summary_large_image","twitter_misc":{"Gesch\u00e4tzte Lesezeit":"1\u00a0Minute"},"schema":{"@context":"https:\/\/schema.org","@graph":[{"@type":"WebPage","@id":"https:\/\/www.mjuka.com\/de\/p\/mjuka-futterungskissen-mikroperlen-weiche-baumwolle-grau\/","url":"https:\/\/www.mjuka.com\/de\/p\/mjuka-futterungskissen-mikroperlen-weiche-baumwolle-grau\/","name":"Mjuka Stillkissen Mikroperlen - Weiche Baumwolle - Grau | Mjuka","isPartOf":{"@id":"https:\/\/www.mjuka.com\/de\/#website"},"primaryImageOfPage":{"@id":"https:\/\/www.mjuka.com\/de\/p\/mjuka-futterungskissen-mikroperlen-weiche-baumwolle-grau\/#primaryimage"},"image":{"@id":"https:\/\/www.mjuka.com\/de\/p\/mjuka-futterungskissen-mikroperlen-weiche-baumwolle-grau\/#primaryimage"},"thumbnailUrl":"https:\/\/www.mjuka.com\/wp-content\/uploads\/2022\/09\/mjuka_voedingskussen_microparels_grijs.png","datePublished":"2022-10-13T08:06:25+00:00","dateModified":"2024-08-21T10:39:08+00:00","breadcrumb":{"@id":"https:\/\/www.mjuka.com\/de\/p\/mjuka-futterungskissen-mikroperlen-weiche-baumwolle-grau\/#breadcrumb"},"inLanguage":"de","potentialAction":[{"@type":"ReadAction","target":["https:\/\/www.mjuka.com\/de\/p\/mjuka-futterungskissen-mikroperlen-weiche-baumwolle-grau\/"]}]},{"@type":"ImageObject","inLanguage":"de","@id":"https:\/\/www.mjuka.com\/de\/p\/mjuka-futterungskissen-mikroperlen-weiche-baumwolle-grau\/#primaryimage","url":"https:\/\/www.mjuka.com\/wp-content\/uploads\/2022\/09\/mjuka_voedingskussen_microparels_grijs.png","contentUrl":"https:\/\/www.mjuka.com\/wp-content\/uploads\/2022\/09\/mjuka_voedingskussen_microparels_grijs.png","width":1000,"height":1000},{"@type":"BreadcrumbList","@id":"https:\/\/www.mjuka.com\/de\/p\/mjuka-futterungskissen-mikroperlen-weiche-baumwolle-grau\/#breadcrumb","itemListElement":[{"@type":"ListItem","position":1,"name":"Home","item":"https:\/\/www.mjuka.com\/de\/"},{"@type":"ListItem","position":2,"name":"Shop","item":"https:\/\/www.mjuka.com\/nl\/shop\/"},{"@type":"ListItem","position":3,"name":"Mjuka Stillkissen Mikroperlen &#8211; Weiche Baumwolle &#8211; Grau"}]},{"@type":"WebSite","@id":"https:\/\/www.mjuka.com\/de\/#website","url":"https:\/\/www.mjuka.com\/de\/","name":"Mjuka","description":"Pure kwaliteit van vulling tot hoes","publisher":{"@id":"https:\/\/www.mjuka.com\/de\/#organization"},"potentialAction":[{"@type":"SearchAction","target":{"@type":"EntryPoint","urlTemplate":"https:\/\/www.mjuka.com\/de\/?s={search_term_string}"},"query-input":{"@type":"PropertyValueSpecification","valueRequired":true,"valueName":"search_term_string"}}],"inLanguage":"de"},{"@type":"Organization","@id":"https:\/\/www.mjuka.com\/de\/#organization","name":"Mjuka","url":"https:\/\/www.mjuka.com\/de\/","logo":{"@type":"ImageObject","inLanguage":"de","@id":"https:\/\/www.mjuka.com\/de\/#\/schema\/logo\/image\/","url":"https:\/\/www.mjuka.com\/wp-content\/uploads\/2022\/09\/Logo_Mjuka.png","contentUrl":"https:\/\/www.mjuka.com\/wp-content\/uploads\/2022\/09\/Logo_Mjuka.png","width":2010,"height":687,"caption":"Mjuka"},"image":{"@id":"https:\/\/www.mjuka.com\/de\/#\/schema\/logo\/image\/"},"sameAs":["https:\/\/www.facebook.com\/OnMjuka"]}]}},"_links":{"self":[{"href":"https:\/\/www.mjuka.com\/de\/wp-json\/wp\/v2\/product\/3725"}],"collection":[{"href":"https:\/\/www.mjuka.com\/de\/wp-json\/wp\/v2\/product"}],"about":[{"href":"https:\/\/www.mjuka.com\/de\/wp-json\/wp\/v2\/types\/product"}],"replies":[{"embeddable":true,"href":"https:\/\/www.mjuka.com\/de\/wp-json\/wp\/v2\/comments?post=3725"}],"version-history":[{"count":1,"href":"https:\/\/www.mjuka.com\/de\/wp-json\/wp\/v2\/product\/3725\/revisions"}],"predecessor-version":[{"id":5119,"href":"https:\/\/www.mjuka.com\/de\/wp-json\/wp\/v2\/product\/3725\/revisions\/5119"}],"wp:featuredmedia":[{"embeddable":true,"href":"https:\/\/www.mjuka.com\/de\/wp-json\/wp\/v2\/media\/3726"}],"wp:attachment":[{"href":"https:\/\/www.mjuka.com\/de\/wp-json\/wp\/v2\/media?parent=3725"}],"wp:term":[{"taxonomy":"product_brand","embeddable":true,"href":"https:\/\/www.mjuka.com\/de\/wp-json\/wp\/v2\/product_brand?post=3725"},{"taxonomy":"product_cat","embeddable":true,"href":"https:\/\/www.mjuka.com\/de\/wp-json\/wp\/v2\/product_cat?post=3725"},{"taxonomy":"product_tag","embeddable":true,"href":"https:\/\/www.mjuka.com\/de\/wp-json\/wp\/v2\/product_tag?post=3725"}],"curies":[{"name":"wp","href":"https:\/\/api.w.org\/{rel}","templated":true}]}}