{"id":3744,"date":"2022-10-13T10:06:25","date_gmt":"2022-10-13T08:06:25","guid":{"rendered":"https:\/\/mjuka.com\/p\/mjuka-zwangerschapskussen-nicky-velours-black\/"},"modified":"2024-08-21T12:39:14","modified_gmt":"2024-08-21T10:39:14","slug":"mjuka-schwangerschaftskissen-nicky-velours-schwarz","status":"publish","type":"product","link":"https:\/\/www.mjuka.com\/de\/p\/mjuka-schwangerschaftskissen-nicky-velours-schwarz\/","title":{"rendered":"Mjuka Umstandskissen Nicky Velours Schwarz"},"content":{"rendered":"<p>Erh\u00e4ltlich auch in Nicky-Velours hellgrau, gr\u00fcn, grau und ockergelb aus 100% seidig weicher Baumwolle.<\/p>\n<p>Dieses Schwangerschaftskissen ist ein extragro\u00dfes Modell f\u00fcr hohen Komfort w\u00e4hrend der Schwangerschaft. Er ist 140 cm lang, so dass jede Frau, egal wie gro\u00df sie ist, sich darin komplett hinlegen kann, wie auf dem Bild zu sehen. Es ist auch f\u00fcr die Anwendung nach der Schwangerschaft w\u00e4hrend der Stillzeit geeignet.<\/p>\n","protected":false},"excerpt":{"rendered":"<p>Mjuka Schwangerschaftskissen sind die besten ihrer Art. Dieses Kissen bietet ultimativen Komfort, sowohl vor als auch nach der Entbindung. Er eignet sich auch hervorragend f\u00fcr Menschen mit R\u00fcckenschmerzen oder anderen Beschwerden, die eine zus\u00e4tzliche Unterst\u00fctzung erfordern. Es handelt sich um ein 100% niederl\u00e4ndisches Produkt aus hochwertigen Stoffen mit der besten gepr\u00fcften F\u00fcllung. Die Faserb\u00e4llchen haben eine h\u00f6here Dichte als normale, billige Polyesterf\u00fcllungen und machen das Kissen sowohl weich als auch fest. Und das ist gut w\u00e4hrend der Schwangerschaft oder als zus\u00e4tzliche Unterst\u00fctzung im Bett. Der \u00e4u\u00dfere Bezugsstoff ist von Hausanz\u00fcgen bekannt und f\u00fchlt sich wie Fleece an. Nicky Velours ist ein herrlich weicher, elastischer Stoff.<\/p>\n<p><strong>Qualit\u00e4t:<\/strong> 100 % niederl\u00e4ndisches Produkt<\/p>\n<p><strong>Material Bezug<\/strong>: Nicky Velours, fast 100 % Baumwolle.<\/p>\n<p>Dieses Material wird auch als Abdeckung auf der Behandlungsliege bei Physiotherapeuten verwendet.<\/p>\n<p>Fast 100 % Baumwolle, daher wunderbar atmungsaktiv.<\/p>\n<p><strong>Material des Innenbezugs:<\/strong> Stretch, f\u00fcr optimalen Komfort<\/p>\n<p><strong>F\u00fcllung<\/strong>: 100 % Polyester extra feste Faserb\u00e4llchen (ger\u00e4uschlos)<\/p>\n<p><strong>Rei\u00dfverschluss:<\/strong> Optilon<\/p>\n<p><strong>Verpackung:<\/strong> Luxus-Kissenbeutel<\/p>\n<p><strong>Pflege<\/strong>: Bezug bei 30 Grad in der Maschine waschen. Darf nicht in den Trockner.<\/p>\n<p><strong>Gr\u00f6\u00dfe<\/strong>: 280 cm (Beine 140 cm) lang und 70 cm breit<\/p>\n<p><em>Lesen Sie die Rezension von Sanne Ilse Achenbach<\/em><\/p>\n<p><a href=\"https:\/\/www.lillelife.com\/lifestyle\/test-welk-zwangerschapskussen-is-het-best\/\" target=\"_blank\" rel=\"nofollow noopener\"><img decoding=\"async\" class=\"alignnone wp-image-6296 size-medium\" src=\"https:\/\/voedingskussenwinkel.nl\/wp-content\/uploads\/2021\/11\/lille_life.jpg\" alt=\"\" width=\"200\" height=\"37\"><\/a><\/p>\n","protected":false},"featured_media":3745,"comment_status":"open","ping_status":"closed","template":"","meta":{"site-sidebar-layout":"default","site-content-layout":"","ast-site-content-layout":"default","site-content-style":"default","site-sidebar-style":"default","ast-global-header-display":"","ast-banner-title-visibility":"","ast-main-header-display":"","ast-hfb-above-header-display":"","ast-hfb-below-header-display":"","ast-hfb-mobile-header-display":"","site-post-title":"","ast-breadcrumbs-content":"","ast-featured-img":"","footer-sml-layout":"","ast-disable-related-posts":"","theme-transparent-header-meta":"","adv-header-id-meta":"","stick-header-meta":"","header-above-stick-meta":"","header-main-stick-meta":"","header-below-stick-meta":"","astra-migrate-meta-layouts":"default","ast-page-background-enabled":"default","ast-page-background-meta":{"desktop":{"background-color":"var(--ast-global-color-4)","background-image":"","background-repeat":"repeat","background-position":"center center","background-size":"auto","background-attachment":"scroll","background-type":"","background-media":"","overlay-type":"","overlay-color":"","overlay-opacity":"","overlay-gradient":""},"tablet":{"background-color":"","background-image":"","background-repeat":"repeat","background-position":"center center","background-size":"auto","background-attachment":"scroll","background-type":"","background-media":"","overlay-type":"","overlay-color":"","overlay-opacity":"","overlay-gradient":""},"mobile":{"background-color":"","background-image":"","background-repeat":"repeat","background-position":"center center","background-size":"auto","background-attachment":"scroll","background-type":"","background-media":"","overlay-type":"","overlay-color":"","overlay-opacity":"","overlay-gradient":""}},"ast-content-background-meta":{"desktop":{"background-color":"var(--ast-global-color-5)","background-image":"","background-repeat":"repeat","background-position":"center center","background-size":"auto","background-attachment":"scroll","background-type":"","background-media":"","overlay-type":"","overlay-color":"","overlay-opacity":"","overlay-gradient":""},"tablet":{"background-color":"var(--ast-global-color-5)","background-image":"","background-repeat":"repeat","background-position":"center center","background-size":"auto","background-attachment":"scroll","background-type":"","background-media":"","overlay-type":"","overlay-color":"","overlay-opacity":"","overlay-gradient":""},"mobile":{"background-color":"var(--ast-global-color-5)","background-image":"","background-repeat":"repeat","background-position":"center center","background-size":"auto","background-attachment":"scroll","background-type":"","background-media":"","overlay-type":"","overlay-color":"","overlay-opacity":"","overlay-gradient":""}}},"product_brand":[],"product_cat":[139],"product_tag":[],"class_list":{"0":"post-3744","1":"product","2":"type-product","3":"status-publish","4":"has-post-thumbnail","6":"product_cat-schwangerschaftskissen","7":"desktop-align-left","8":"tablet-align-left","9":"mobile-align-left","10":"ast-product-gallery-layout-horizontal-slider","11":"ast-magnify-disabled","12":"ast-product-tabs-layout-distributed","14":"first","15":"instock","16":"sale","17":"taxable","18":"shipping-taxable","19":"purchasable","20":"product-type-simple"},"yoast_head":"<!-- This site is optimized with the Yoast SEO plugin v25.6 - https:\/\/yoast.com\/wordpress\/plugins\/seo\/ -->\n<title>Mjuka Umstandskissen Nicky Velours Schwarz | Mjuka<\/title>\n<meta name=\"robots\" content=\"index, follow, max-snippet:-1, max-image-preview:large, max-video-preview:-1\" \/>\n<link rel=\"canonical\" href=\"https:\/\/www.mjuka.com\/de\/p\/mjuka-schwangerschaftskissen-nicky-velours-schwarz\/\" \/>\n<meta property=\"og:locale\" content=\"de_DE\" \/>\n<meta property=\"og:type\" content=\"article\" \/>\n<meta property=\"og:title\" content=\"Mjuka Umstandskissen Nicky Velours Schwarz | Mjuka\" \/>\n<meta property=\"og:description\" content=\"Mjuka Schwangerschaftskissen sind die besten ihrer Art. Dieses Kissen bietet ultimativen Komfort, sowohl vor als auch nach der Entbindung. Er eignet sich auch hervorragend f\u00fcr Menschen mit R\u00fcckenschmerzen oder anderen Beschwerden, die eine zus\u00e4tzliche Unterst\u00fctzung erfordern. Es handelt sich um ein 100% niederl\u00e4ndisches Produkt aus hochwertigen Stoffen mit der besten gepr\u00fcften F\u00fcllung. Die Faserb\u00e4llchen haben eine h\u00f6here Dichte als normale, billige Polyesterf\u00fcllungen und machen das Kissen sowohl weich als auch fest. Und das ist gut w\u00e4hrend der Schwangerschaft oder als zus\u00e4tzliche Unterst\u00fctzung im Bett. Der \u00e4u\u00dfere Bezugsstoff ist von Hausanz\u00fcgen bekannt und f\u00fchlt sich wie Fleece an. Nicky Velours ist ein herrlich weicher, elastischer Stoff.  Qualit\u00e4t: 100 % niederl\u00e4ndisches Produkt Material Bezug: Nicky Velours, fast 100 % Baumwolle. Dieses Material wird auch als Abdeckung auf der Behandlungsliege bei Physiotherapeuten verwendet. Fast 100 % Baumwolle, daher wunderbar atmungsaktiv. Material des Innenbezugs: Stretch, f\u00fcr optimalen Komfort F\u00fcllung: 100 % Polyester extra feste Faserb\u00e4llchen (ger\u00e4uschlos) Rei\u00dfverschluss: Optilon Verpackung: Luxus-Kissenbeutel Pflege: Bezug bei 30 Grad in der Maschine waschen. Darf nicht in den Trockner. Gr\u00f6\u00dfe: 280 cm (Beine 140 cm) lang und 70 cm breit   Lesen Sie die Rezension von Sanne Ilse Achenbach\" \/>\n<meta property=\"og:url\" content=\"https:\/\/www.mjuka.com\/de\/p\/mjuka-schwangerschaftskissen-nicky-velours-schwarz\/\" \/>\n<meta property=\"og:site_name\" content=\"Mjuka\" \/>\n<meta property=\"article:publisher\" content=\"https:\/\/www.facebook.com\/OnMjuka\" \/>\n<meta property=\"article:modified_time\" content=\"2024-08-21T10:39:14+00:00\" \/>\n<meta property=\"og:image\" content=\"https:\/\/www.mjuka.com\/wp-content\/uploads\/2022\/09\/mjuka_zwangerschapskussen_nicky_velours_zwart_vezelbolletjes-1.png\" \/>\n\t<meta property=\"og:image:width\" content=\"1000\" \/>\n\t<meta property=\"og:image:height\" content=\"1000\" \/>\n\t<meta property=\"og:image:type\" content=\"image\/png\" \/>\n<meta name=\"twitter:card\" content=\"summary_large_image\" \/>\n<script type=\"application\/ld+json\" class=\"yoast-schema-graph\">{\"@context\":\"https:\/\/schema.org\",\"@graph\":[{\"@type\":\"WebPage\",\"@id\":\"https:\/\/www.mjuka.com\/de\/p\/mjuka-schwangerschaftskissen-nicky-velours-schwarz\/\",\"url\":\"https:\/\/www.mjuka.com\/de\/p\/mjuka-schwangerschaftskissen-nicky-velours-schwarz\/\",\"name\":\"Mjuka Umstandskissen Nicky Velours Schwarz | Mjuka\",\"isPartOf\":{\"@id\":\"https:\/\/www.mjuka.com\/de\/#website\"},\"primaryImageOfPage\":{\"@id\":\"https:\/\/www.mjuka.com\/de\/p\/mjuka-schwangerschaftskissen-nicky-velours-schwarz\/#primaryimage\"},\"image\":{\"@id\":\"https:\/\/www.mjuka.com\/de\/p\/mjuka-schwangerschaftskissen-nicky-velours-schwarz\/#primaryimage\"},\"thumbnailUrl\":\"https:\/\/www.mjuka.com\/wp-content\/uploads\/2022\/09\/mjuka_zwangerschapskussen_nicky_velours_zwart_vezelbolletjes-1.png\",\"datePublished\":\"2022-10-13T08:06:25+00:00\",\"dateModified\":\"2024-08-21T10:39:14+00:00\",\"breadcrumb\":{\"@id\":\"https:\/\/www.mjuka.com\/de\/p\/mjuka-schwangerschaftskissen-nicky-velours-schwarz\/#breadcrumb\"},\"inLanguage\":\"de\",\"potentialAction\":[{\"@type\":\"ReadAction\",\"target\":[\"https:\/\/www.mjuka.com\/de\/p\/mjuka-schwangerschaftskissen-nicky-velours-schwarz\/\"]}]},{\"@type\":\"ImageObject\",\"inLanguage\":\"de\",\"@id\":\"https:\/\/www.mjuka.com\/de\/p\/mjuka-schwangerschaftskissen-nicky-velours-schwarz\/#primaryimage\",\"url\":\"https:\/\/www.mjuka.com\/wp-content\/uploads\/2022\/09\/mjuka_zwangerschapskussen_nicky_velours_zwart_vezelbolletjes-1.png\",\"contentUrl\":\"https:\/\/www.mjuka.com\/wp-content\/uploads\/2022\/09\/mjuka_zwangerschapskussen_nicky_velours_zwart_vezelbolletjes-1.png\",\"width\":1000,\"height\":1000},{\"@type\":\"BreadcrumbList\",\"@id\":\"https:\/\/www.mjuka.com\/de\/p\/mjuka-schwangerschaftskissen-nicky-velours-schwarz\/#breadcrumb\",\"itemListElement\":[{\"@type\":\"ListItem\",\"position\":1,\"name\":\"Home\",\"item\":\"https:\/\/www.mjuka.com\/de\/\"},{\"@type\":\"ListItem\",\"position\":2,\"name\":\"Shop\",\"item\":\"https:\/\/www.mjuka.com\/nl\/shop\/\"},{\"@type\":\"ListItem\",\"position\":3,\"name\":\"Mjuka Umstandskissen Nicky Velours Schwarz\"}]},{\"@type\":\"WebSite\",\"@id\":\"https:\/\/www.mjuka.com\/de\/#website\",\"url\":\"https:\/\/www.mjuka.com\/de\/\",\"name\":\"Mjuka\",\"description\":\"Pure kwaliteit van vulling tot hoes\",\"publisher\":{\"@id\":\"https:\/\/www.mjuka.com\/de\/#organization\"},\"potentialAction\":[{\"@type\":\"SearchAction\",\"target\":{\"@type\":\"EntryPoint\",\"urlTemplate\":\"https:\/\/www.mjuka.com\/de\/?s={search_term_string}\"},\"query-input\":{\"@type\":\"PropertyValueSpecification\",\"valueRequired\":true,\"valueName\":\"search_term_string\"}}],\"inLanguage\":\"de\"},{\"@type\":\"Organization\",\"@id\":\"https:\/\/www.mjuka.com\/de\/#organization\",\"name\":\"Mjuka\",\"url\":\"https:\/\/www.mjuka.com\/de\/\",\"logo\":{\"@type\":\"ImageObject\",\"inLanguage\":\"de\",\"@id\":\"https:\/\/www.mjuka.com\/de\/#\/schema\/logo\/image\/\",\"url\":\"https:\/\/www.mjuka.com\/wp-content\/uploads\/2022\/09\/Logo_Mjuka.png\",\"contentUrl\":\"https:\/\/www.mjuka.com\/wp-content\/uploads\/2022\/09\/Logo_Mjuka.png\",\"width\":2010,\"height\":687,\"caption\":\"Mjuka\"},\"image\":{\"@id\":\"https:\/\/www.mjuka.com\/de\/#\/schema\/logo\/image\/\"},\"sameAs\":[\"https:\/\/www.facebook.com\/OnMjuka\"]}]}<\/script>\n<!-- \/ Yoast SEO plugin. -->","yoast_head_json":{"title":"Mjuka Umstandskissen Nicky Velours Schwarz | Mjuka","robots":{"index":"index","follow":"follow","max-snippet":"max-snippet:-1","max-image-preview":"max-image-preview:large","max-video-preview":"max-video-preview:-1"},"canonical":"https:\/\/www.mjuka.com\/de\/p\/mjuka-schwangerschaftskissen-nicky-velours-schwarz\/","og_locale":"de_DE","og_type":"article","og_title":"Mjuka Umstandskissen Nicky Velours Schwarz | Mjuka","og_description":"Mjuka Schwangerschaftskissen sind die besten ihrer Art. Dieses Kissen bietet ultimativen Komfort, sowohl vor als auch nach der Entbindung. Er eignet sich auch hervorragend f\u00fcr Menschen mit R\u00fcckenschmerzen oder anderen Beschwerden, die eine zus\u00e4tzliche Unterst\u00fctzung erfordern. Es handelt sich um ein 100% niederl\u00e4ndisches Produkt aus hochwertigen Stoffen mit der besten gepr\u00fcften F\u00fcllung. Die Faserb\u00e4llchen haben eine h\u00f6here Dichte als normale, billige Polyesterf\u00fcllungen und machen das Kissen sowohl weich als auch fest. Und das ist gut w\u00e4hrend der Schwangerschaft oder als zus\u00e4tzliche Unterst\u00fctzung im Bett. Der \u00e4u\u00dfere Bezugsstoff ist von Hausanz\u00fcgen bekannt und f\u00fchlt sich wie Fleece an. Nicky Velours ist ein herrlich weicher, elastischer Stoff.  Qualit\u00e4t: 100 % niederl\u00e4ndisches Produkt Material Bezug: Nicky Velours, fast 100 % Baumwolle. Dieses Material wird auch als Abdeckung auf der Behandlungsliege bei Physiotherapeuten verwendet. Fast 100 % Baumwolle, daher wunderbar atmungsaktiv. Material des Innenbezugs: Stretch, f\u00fcr optimalen Komfort F\u00fcllung: 100 % Polyester extra feste Faserb\u00e4llchen (ger\u00e4uschlos) Rei\u00dfverschluss: Optilon Verpackung: Luxus-Kissenbeutel Pflege: Bezug bei 30 Grad in der Maschine waschen. Darf nicht in den Trockner. Gr\u00f6\u00dfe: 280 cm (Beine 140 cm) lang und 70 cm breit   Lesen Sie die Rezension von Sanne Ilse Achenbach","og_url":"https:\/\/www.mjuka.com\/de\/p\/mjuka-schwangerschaftskissen-nicky-velours-schwarz\/","og_site_name":"Mjuka","article_publisher":"https:\/\/www.facebook.com\/OnMjuka","article_modified_time":"2024-08-21T10:39:14+00:00","og_image":[{"width":1000,"height":1000,"url":"https:\/\/www.mjuka.com\/wp-content\/uploads\/2022\/09\/mjuka_zwangerschapskussen_nicky_velours_zwart_vezelbolletjes-1.png","type":"image\/png"}],"twitter_card":"summary_large_image","schema":{"@context":"https:\/\/schema.org","@graph":[{"@type":"WebPage","@id":"https:\/\/www.mjuka.com\/de\/p\/mjuka-schwangerschaftskissen-nicky-velours-schwarz\/","url":"https:\/\/www.mjuka.com\/de\/p\/mjuka-schwangerschaftskissen-nicky-velours-schwarz\/","name":"Mjuka Umstandskissen Nicky Velours Schwarz | Mjuka","isPartOf":{"@id":"https:\/\/www.mjuka.com\/de\/#website"},"primaryImageOfPage":{"@id":"https:\/\/www.mjuka.com\/de\/p\/mjuka-schwangerschaftskissen-nicky-velours-schwarz\/#primaryimage"},"image":{"@id":"https:\/\/www.mjuka.com\/de\/p\/mjuka-schwangerschaftskissen-nicky-velours-schwarz\/#primaryimage"},"thumbnailUrl":"https:\/\/www.mjuka.com\/wp-content\/uploads\/2022\/09\/mjuka_zwangerschapskussen_nicky_velours_zwart_vezelbolletjes-1.png","datePublished":"2022-10-13T08:06:25+00:00","dateModified":"2024-08-21T10:39:14+00:00","breadcrumb":{"@id":"https:\/\/www.mjuka.com\/de\/p\/mjuka-schwangerschaftskissen-nicky-velours-schwarz\/#breadcrumb"},"inLanguage":"de","potentialAction":[{"@type":"ReadAction","target":["https:\/\/www.mjuka.com\/de\/p\/mjuka-schwangerschaftskissen-nicky-velours-schwarz\/"]}]},{"@type":"ImageObject","inLanguage":"de","@id":"https:\/\/www.mjuka.com\/de\/p\/mjuka-schwangerschaftskissen-nicky-velours-schwarz\/#primaryimage","url":"https:\/\/www.mjuka.com\/wp-content\/uploads\/2022\/09\/mjuka_zwangerschapskussen_nicky_velours_zwart_vezelbolletjes-1.png","contentUrl":"https:\/\/www.mjuka.com\/wp-content\/uploads\/2022\/09\/mjuka_zwangerschapskussen_nicky_velours_zwart_vezelbolletjes-1.png","width":1000,"height":1000},{"@type":"BreadcrumbList","@id":"https:\/\/www.mjuka.com\/de\/p\/mjuka-schwangerschaftskissen-nicky-velours-schwarz\/#breadcrumb","itemListElement":[{"@type":"ListItem","position":1,"name":"Home","item":"https:\/\/www.mjuka.com\/de\/"},{"@type":"ListItem","position":2,"name":"Shop","item":"https:\/\/www.mjuka.com\/nl\/shop\/"},{"@type":"ListItem","position":3,"name":"Mjuka Umstandskissen Nicky Velours Schwarz"}]},{"@type":"WebSite","@id":"https:\/\/www.mjuka.com\/de\/#website","url":"https:\/\/www.mjuka.com\/de\/","name":"Mjuka","description":"Pure kwaliteit van vulling tot hoes","publisher":{"@id":"https:\/\/www.mjuka.com\/de\/#organization"},"potentialAction":[{"@type":"SearchAction","target":{"@type":"EntryPoint","urlTemplate":"https:\/\/www.mjuka.com\/de\/?s={search_term_string}"},"query-input":{"@type":"PropertyValueSpecification","valueRequired":true,"valueName":"search_term_string"}}],"inLanguage":"de"},{"@type":"Organization","@id":"https:\/\/www.mjuka.com\/de\/#organization","name":"Mjuka","url":"https:\/\/www.mjuka.com\/de\/","logo":{"@type":"ImageObject","inLanguage":"de","@id":"https:\/\/www.mjuka.com\/de\/#\/schema\/logo\/image\/","url":"https:\/\/www.mjuka.com\/wp-content\/uploads\/2022\/09\/Logo_Mjuka.png","contentUrl":"https:\/\/www.mjuka.com\/wp-content\/uploads\/2022\/09\/Logo_Mjuka.png","width":2010,"height":687,"caption":"Mjuka"},"image":{"@id":"https:\/\/www.mjuka.com\/de\/#\/schema\/logo\/image\/"},"sameAs":["https:\/\/www.facebook.com\/OnMjuka"]}]}},"_links":{"self":[{"href":"https:\/\/www.mjuka.com\/de\/wp-json\/wp\/v2\/product\/3744"}],"collection":[{"href":"https:\/\/www.mjuka.com\/de\/wp-json\/wp\/v2\/product"}],"about":[{"href":"https:\/\/www.mjuka.com\/de\/wp-json\/wp\/v2\/types\/product"}],"replies":[{"embeddable":true,"href":"https:\/\/www.mjuka.com\/de\/wp-json\/wp\/v2\/comments?post=3744"}],"version-history":[{"count":1,"href":"https:\/\/www.mjuka.com\/de\/wp-json\/wp\/v2\/product\/3744\/revisions"}],"predecessor-version":[{"id":5121,"href":"https:\/\/www.mjuka.com\/de\/wp-json\/wp\/v2\/product\/3744\/revisions\/5121"}],"wp:featuredmedia":[{"embeddable":true,"href":"https:\/\/www.mjuka.com\/de\/wp-json\/wp\/v2\/media\/3745"}],"wp:attachment":[{"href":"https:\/\/www.mjuka.com\/de\/wp-json\/wp\/v2\/media?parent=3744"}],"wp:term":[{"taxonomy":"product_brand","embeddable":true,"href":"https:\/\/www.mjuka.com\/de\/wp-json\/wp\/v2\/product_brand?post=3744"},{"taxonomy":"product_cat","embeddable":true,"href":"https:\/\/www.mjuka.com\/de\/wp-json\/wp\/v2\/product_cat?post=3744"},{"taxonomy":"product_tag","embeddable":true,"href":"https:\/\/www.mjuka.com\/de\/wp-json\/wp\/v2\/product_tag?post=3744"}],"curies":[{"name":"wp","href":"https:\/\/api.w.org\/{rel}","templated":true}]}}